{"id":1248,"date":"2020-02-26T17:45:42","date_gmt":"2020-02-26T21:45:42","guid":{"rendered":"https:\/\/www2.whoi.edu\/site\/aomip\/?page_id=1248"},"modified":"2021-06-18T10:11:18","modified_gmt":"2021-06-18T14:11:18","slug":"workshop-12-january-14-16-2009","status":"publish","type":"page","link":"https:\/\/www2.whoi.edu\/site\/aomip\/workshops\/workshop-12-january-14-16-2009\/","title":{"rendered":"Workshop #12, January 14-16, 2009"},"content":{"rendered":"\n\n\t<h1>Workshop #12, January 14-16, 2009<\/h1>\n<h3>Woods Hole Oceanographic Institution, Woods Hole, Massachusetts<\/h3>\n\t<h2>Introduction<\/h2>\n<p>Andrey Proshutinsky, the AOMIP Principal Investigator, opened the 12th AOMIP workshop by welcoming the participants (see Appendix A) and presented an overview of AOMIP history, major goals, tasks, strategy and tactics. Major goals and objectives for a new AOMIP development phase were also formulated (see Appendix D).\u00a0 The purpose of this workshop was to plan the next phase of the AOMIP program by identifying new scientific priorities, potential collaborations and deliverables. The workshop was planned to:<\/p>\n<ul>\n<li>Re-initiate AOMIP activities<\/li>\n<li>Identify the most important directions of model improvements<\/li>\n<li>Discuss and establish conditions for coordinated numerical experiments focusing on model improvements<\/li>\n<li>Discuss future AOMIP plans and strategy<br \/>\nProshutinsky also provided an update on the status of the efforts to maintain AOMIP activities under new NSF funding recommendations.\u00a0 One major recommendation was to change AOMIP&#8217;s operational mode (Appendix D).<\/li>\n<\/ul>\n<h2>Workshop Format<\/h2>\n<p>Each workshop day consisted of two types of activities, namely: (i) science talks and (ii) discussions focused on identification of key problems and formulation of conditions for coordinated AOMIP experiments. Science talks and discussions were organized under five major topics: 1) Fresh water and heat, 2) Sea ice, 3) Model development progress and results, 4) Exchanges\/transports and ecosystem modeling, and 5) Long-term model integrations. One-hour breakout sessions were used to formulate the conditions for a set of coordinated experiments.\u00a0 These breakout sessions were followed by a plenary session on the last day of the workshop.<\/p>\n<h2>Workshop Overview<\/h2>\n<p>The workshop brought forty one AOMIP collaborators from Canada, Denmark, France, Japan, Germany, Russia, United Kingdom, and USA representing twenty four different federal, state and private organizations (universities, scientific institutions and centers). Thirty two scientific presentations were accompanied by more then five hours of discussions (not mentioning t\u00eate-\u00e0-t\u00eate interactions and fruitful corridor meetings during coffee breaks, reception and workshop dinner).\u00a0 The most important workshop result is a formulation of a set of coordinated experiments directed to improve AOMIP regional and global models and to investigate causes and consequences of Arctic climate change.<\/p>\n<h2>Scientific problems for coordinated experiments<\/h2>\n<p>A set of scientific problems was identified during the workshop. It is expected that the teams working on these experiments will be expanded after publication of this report via involvement of all interested scientists dealing with Arctic studies. Team leader names (PIs of experiments responsible for experiment formulation, activation, data collection, analysis and publications) are shown in bold. Also note that each of these experiments will possibly have a set of sub-experiments with sub-leaders.<\/p>\n<p>For a complete list of the experiments please download the workshop report from the Related Files at the right side of the page.<\/p>\n<h2>Next AOMIP Meetings<\/h2>\n<p>1. AOMIP collaborators were invited to organize a session in MOCA-09 (IAMAS, IAPSO and IACS Joint Assembly, to be held in July 19-29, 2009 in Montr\u00e9al, Qu\u00e9bec, Canada).\u00a0\u00a0\u00a0 Prior to that assembly, AOMIP collaborators are also participating in the modeling workshop &#8220;Arctic System Modeling Workshop III&#8221; (International Collaboration in Arctic System Modeling) to be held on July 16-17, at the University of Quebec at Montreal (UQAM) (http:\/\/www.iarc.uaf.edu\/workshops\/2009\/arctic_system_model_09\/)<\/p>\n<p>2. The AOMIP participants agreed to meet again in fall 2009 (October 21-23, 2009), at Woods Hole Oceanographic Institution to report about numerical experiments and other project results<\/p>\n<p>Action: Plan and coordinate 13th AOMIP workshop in fall 2009. Andrey Proshutinsky, Michael Steele, David Holland<\/p>\n<h2>References<\/h2>\n<p>For a complete list of references, please download the workshop report from the Related Files at the right side of the page.<\/p>\n<h2>Appendix A. List of Participants<\/h2>\n1. Aksenov, Yevgeny (National Oceanography Centre, Southampton, UK, yka@noc.soton.ac.uk)<br \/>\n2. Berlov, Pavel (Woods Hole Oceanographic Institution, USA, pberloff@whoi.edu)<br \/>\n3. Carton, James (University of Maryland College Park, USA, carton@atmos.umd.edu)<br \/>\n4. Chassignet, Eric (Florida State University, USA, echassignet@coaps.fsu.edu)<br \/>\n5. Dukhovskoy Dmitry, Florida State University, USA, ddmitry@coaps.fsu.edu)<br \/>\n6. Dupont, Frederic (The Bedford Institute of Oceanography and Dalhousie University, DupontF@mar.dfo-mpo.gc.ca)<br \/>\n7. Fenty, Ian (Massachusetts Institute of Technology, USA, ifenty@MIT.EDU)<br \/>\n8. Forsberg, Rene: (Danish National Space Center, Denmark, rf@space.dtu.dk)<br \/>\n9. Gao, G., (University of Massachusetts, Dartmouth, USA, ggao@umassd.edu)<br \/>\n10. Gerdes, Ruediger (Alfred Wegener Institute, Germany, Ruediger.Gerdes@awi.de)<br \/>\n11. Hakkinen, Sirpa (Goddard Space Flight Center, USA, Sirpa.Hakkinen@nasa.gov)<br \/>\n12. Heimbach, Patrick (Massachusetts Institute of Technology, USA, heimbach@MIT.EDU)<br \/>\n13. Herbaut, Christophe and Marie-Noelle Houssais (LOCEAN, France)<br \/>\n14. Hibler, William (International Arctic Research Center, hibler@iarc.uaf.edu)<br \/>\n15. Hill, Chris (Massachusetts Institute of Technology, USA, cnh@mit.edu)<br \/>\n16. Holland, David (New York University, USA, holland@cims.nyu.edu)<br \/>\n17. Hunke, Elizabeth (Los Alamos National Laboratories, USA, eclare@lanl.gov)<br \/>\n18. Huard, David (McGill University, Canada, david.huard@gmail.com)<br \/>\n19. Jahn, Alexandra, (McGill University, Canada, alexandra.jahn@mail.mcgill.ca)<br \/>\n20. Kauker, Frank (Alfred Wegener Institute, Germany, frank@oasys-research.de)<br \/>\n21. Lemieux, Jean-Francois (McGill University, Canada, lemieux@zephyr.meteo.mcgill.ca)<br \/>\n22. Martin, Torge (Geophysical Fluid Dynamics Laboratory, Princeton University, USA, Torge.Martin@noaa.gov)<br \/>\n23. Maslowski, Wieslaw (Naval Postgraduate School, USA, maslowsk@nps.edu)<br \/>\n24. McPhee, Miles, (McPhee Research Company, mmcphee@hughes.net)<br \/>\n25. Nguyen, An T (Jet Propulsion Lab, California Institute of Technology, USA, An.T.Nguyen@jpl.nasa.gov)<br \/>\n26. Panteleev, Gleb (International Arctic Research Center, UAF, USA, gleb@iarc.uaf.edu)<br \/>\n27. Pickart, Robert (Woods Hole Oceanographic Institution, USA, rpickart@whoi.edu)<br \/>\n28. Popova, Katya (National Oceanography Centre, Southampton, UK, e.popova@noc.soton.ac.uk)<br \/>\n29. Postlethwaite, Clare, (Proudman Oceanographic Laboratory, UK, cfpo@pol.ac.uk)<br \/>\n30. Proshutinsky, Andrey (Woods Hole Oceanographic Institution, USA, aproshutinsky@whoi.edu)<br \/>\n31. Reddy, Tasha (McGill University and New Your University, USA, Canada, tasha@nyu.edu)<br \/>\n32. Semiletov, Igor (International Arctic Research Center, USA, igorsm@iarc.uaf.edu)<br \/>\n33. Shakhov, Natalia, (International Arctic Research Center, USA, nshakhov@iarc.uaf.edu)<br \/>\n34. Spall, Mike (Woods Hole Oceanographic Institution, USA, mspall@whoi.edu)<br \/>\n35. Steele, Mike (Polar Science Center, University of Washington, USA, mas@apl.washington.edu)<br \/>\n36. Stott, Don (University Corporation for Atmospheric Research, USA, stott@ucar.edu)<br \/>\n37. Timmermans, Mary-Louise (Woods Hole Oceanographic Institution, USA, mtimmermans@whoi.edu)<br \/>\n38. Tremblay, Bruno (McGill University, Canada, bruno.tremblay@mcgill.ca)<br \/>\n39. Toole, John (Woods Hole Oceanographic Institution, USA, jtoole@whoi.edu)<br \/>\n40. Watanabe, Eiji (International Arctic Research Center, USA, ejnabe@iarc.uaf.edu)<br \/>\n41. Yang, Jiayan (Woods Hole Oceanographic Institution, USA, jyang@whoi.edu)\n\t<h2>Related Files<\/h2>\n<ul>\n<li><a href=\"https:\/\/www2.whoi.edu\/site\/aomip\/wp-content\/uploads\/sites\/100\/2020\/02\/12th-AOMIP-workshop-REPORT-February-24_47612.pdf\">Workshop Report<\/a><br \/>\nPDF 192KB<\/li>\n<li><a href=\"https:\/\/www2.whoi.edu\/site\/aomip\/wp-content\/uploads\/sites\/100\/2020\/02\/R.Gerdes_47563.ppt\">Gerdes, R. Long term perspective on Arctic sea ice from AOMIP hindcasts and coupled climate models<\/a><br \/>\nPPT 10MB<\/li>\n<li><a href=\"https:\/\/www2.whoi.edu\/site\/aomip\/wp-content\/uploads\/sites\/100\/2020\/02\/M.McPhee_47564.ppt\">McPhee, M. Changes in Freshwater Content of the Arctic Ocean from the 2008 Winter Survey<\/a><br \/>\nPPT 6.1MB<\/li>\n<li><a href=\"https:\/\/www2.whoi.edu\/site\/aomip\/wp-content\/uploads\/sites\/100\/2020\/02\/C.Postlethwaite_47565.ppt\">Postlethwaite, C. Arctic Modelling at the Proudman Oceanographic Laboratory<\/a><br \/>\nPPT 8.7MB<\/li>\n<li><a href=\"https:\/\/www2.whoi.edu\/site\/aomip\/wp-content\/uploads\/sites\/100\/2020\/02\/A.Jahn_47566.ppt\">Jahn, A. Effect of the large-scale atmospheric circulation on the variability of the Arctic Ocean freshwater export<\/a><br \/>\nPPT 8.8MB<\/li>\n<li><a href=\"https:\/\/www2.whoi.edu\/site\/aomip\/wp-content\/uploads\/sites\/100\/2020\/02\/I.Fenty_47567.ppt\">Fenty, I. AOMIP Workshop.<\/a><br \/>\nPPT 6.9MB<\/li>\n<li><a href=\"https:\/\/www2.whoi.edu\/site\/aomip\/wp-content\/uploads\/sites\/100\/2020\/02\/B.Hibler_47568.ppt\">Hibler, B. On Modeling Tidal and Inertial Variability in Sea Ice Drift and Deformation<\/a><br \/>\nPPT 14.8MB<\/li>\n<li><a href=\"https:\/\/www2.whoi.edu\/site\/aomip\/wp-content\/uploads\/sites\/100\/2020\/02\/C.Hill_47569.ppt\">Hill, C. ECCO2 global eddying simulations @ AOMIP<\/a><br \/>\nPPT 3.9MB<\/li>\n<li><a href=\"https:\/\/www2.whoi.edu\/site\/aomip\/wp-content\/uploads\/sites\/100\/2020\/02\/D.Huard_47570.pdf\">Huard, D. Forcing an Arctic Sea Ice Model with NARR Surface Winds: How to Stitch Datasets<\/a><br \/>\nPDF 5.1MB<\/li>\n<li><a href=\"https:\/\/www2.whoi.edu\/site\/aomip\/wp-content\/uploads\/sites\/100\/2020\/02\/E.Hunke_47571.pdf\">Hunke, E. Age Characteristics in a Multidecadal Arctic Sea Ice Simulation<\/a><br \/>\nPDF 2.8MB<\/li>\n<li><a href=\"https:\/\/www2.whoi.edu\/site\/aomip\/wp-content\/uploads\/sites\/100\/2020\/02\/J.F.Lemieux_47572.ppt\">Lemieux, J.-F. Improving the nonlinear numerical convergence of VP models with the Jacobian free Newton Krylov method<\/a><br \/>\nPPT 1MB<\/li>\n<li><a href=\"https:\/\/www2.whoi.edu\/site\/aomip\/wp-content\/uploads\/sites\/100\/2020\/02\/W.Maslowski_47573.ppt\">Maslowski, W. Oceanic Heat Convergence into the Arctic Ocean<\/a><br \/>\nPPT 20.8MB<\/li>\n<li><a href=\"https:\/\/www2.whoi.edu\/site\/aomip\/wp-content\/uploads\/sites\/100\/2020\/02\/C.Herbaut_47574.ppt\">Herbaut, C. Role of the Arctic freshwater flux on the variability of the subpolar gyre<\/a><br \/>\nPPT 18MB<\/li>\n<li><a href=\"https:\/\/www2.whoi.edu\/site\/aomip\/wp-content\/uploads\/sites\/100\/2020\/02\/A.Proshutinsky_47575.ppt\">Proshutinsky, A. Arctic Ocean Fresh Water Observational and Model Results<\/a><br \/>\nPPT 5.9MB<\/li>\n<li><a href=\"https:\/\/www2.whoi.edu\/site\/aomip\/wp-content\/uploads\/sites\/100\/2020\/02\/M.Steele_47576.ppt\">Steele, M. Mechanisms of Upper Ocean Warming in the Arctic and the Effect on Sea Ice Melt<\/a><br \/>\nPPT 4MB<\/li>\n<li><a href=\"https:\/\/www2.whoi.edu\/site\/aomip\/wp-content\/uploads\/sites\/100\/2020\/02\/D.Stott_47577.ppt\">Stott, D. National Center for Atmospheric Research Earth Observing Laboratory<\/a><br \/>\nPPT 5.9MB<\/li>\n<li><a href=\"https:\/\/www2.whoi.edu\/site\/aomip\/wp-content\/uploads\/sites\/100\/2020\/02\/P.Berloff_47578.pdf\">Berloff, P. CABARET Approach for Numerical Advection<\/a><br \/>\nPDF 20KB<\/li>\n<li><a href=\"https:\/\/www2.whoi.edu\/site\/aomip\/wp-content\/uploads\/sites\/100\/2020\/02\/R.Forsberg_47579.pdf\">Forsberg, R. Geoid and MDT of the Arctic Ocean<\/a><br \/>\nPDF 4.3MB<\/li>\n<li><a href=\"https:\/\/www2.whoi.edu\/site\/aomip\/wp-content\/uploads\/sites\/100\/2020\/02\/J.Zhang_47580.ppt\">Zhang, J. The Impact of Changes in Arctic Sea Ice on the Marine Planktonic Ecosystem<\/a><br \/>\nPPT 2.1MB<\/li>\n<li><a href=\"https:\/\/www2.whoi.edu\/site\/aomip\/wp-content\/uploads\/sites\/100\/2020\/02\/E.Watanabe_47581.ppt\">Watanabe, E. Pacific water transport in the Arctic Ocean simulated by an eddy-resolving coupled sea ice-ocean model<\/a><br \/>\nPPT 2.5MB<\/li>\n<li><a href=\"https:\/\/www2.whoi.edu\/site\/aomip\/wp-content\/uploads\/sites\/100\/2020\/02\/G.Panteleev_47582.ppt\">Panteleev, G. Reconstruction of the Chukchi Sea water circulation 1990-1991<\/a><br \/>\nPPT 5.8MB<\/li>\n<\/ul>\n\n","protected":false},"excerpt":{"rendered":"<p>Workshop #12, January 14-16, 2009 Woods Hole Oceanographic Institution, Woods Hole, Massachusetts Introduction Andrey Proshutinsky, the AOMIP Principal Investigator, opened the 12th AOMIP workshop by welcoming the participants (see Appendix A) and presented an overview of AOMIP history, major goals, tasks, strategy and tactics. Major goals and objectives for a new AOMIP development phase were&hellip;<\/p>\n","protected":false},"author":83,"featured_media":0,"parent":1097,"menu_order":12,"comment_status":"closed","ping_status":"closed","template":"tpl-sidebar.php","meta":{"advanced-sidebar-menu\/link-title":"","advanced-sidebar-menu\/exclude-page":false},"_links":{"self":[{"href":"https:\/\/www2.whoi.edu\/site\/aomip\/wp-json\/wp\/v2\/pages\/1248"}],"collection":[{"href":"https:\/\/www2.whoi.edu\/site\/aomip\/wp-json\/wp\/v2\/pages"}],"about":[{"href":"https:\/\/www2.whoi.edu\/site\/aomip\/wp-json\/wp\/v2\/types\/page"}],"author":[{"embeddable":true,"href":"https:\/\/www2.whoi.edu\/site\/aomip\/wp-json\/wp\/v2\/users\/83"}],"replies":[{"embeddable":true,"href":"https:\/\/www2.whoi.edu\/site\/aomip\/wp-json\/wp\/v2\/comments?post=1248"}],"version-history":[{"count":3,"href":"https:\/\/www2.whoi.edu\/site\/aomip\/wp-json\/wp\/v2\/pages\/1248\/revisions"}],"predecessor-version":[{"id":1749,"href":"https:\/\/www2.whoi.edu\/site\/aomip\/wp-json\/wp\/v2\/pages\/1248\/revisions\/1749"}],"up":[{"embeddable":true,"href":"https:\/\/www2.whoi.edu\/site\/aomip\/wp-json\/wp\/v2\/pages\/1097"}],"wp:attachment":[{"href":"https:\/\/www2.whoi.edu\/site\/aomip\/wp-json\/wp\/v2\/media?parent=1248"}],"curies":[{"name":"wp","href":"https:\/\/api.w.org\/{rel}","templated":true}]}}