{"id":610,"date":"2019-12-12T18:15:45","date_gmt":"2019-12-12T22:15:45","guid":{"rendered":"https:\/\/www2.whoi.edu\/site\/aomip\/?page_id=610"},"modified":"2021-06-18T09:16:16","modified_gmt":"2021-06-18T13:16:16","slug":"2008-2010-participants","status":"publish","type":"page","link":"https:\/\/www2.whoi.edu\/site\/aomip\/participants\/2008-2010-participants\/","title":{"rendered":"2008-2010 participants"},"content":{"rendered":"\n\n\t<h1>2008-2010 participants<\/h1>\n<h2>Principal Investigator<\/h2>\n<p><a href=\"https:\/\/www.whoi.edu\/profile\/aproshutinsky\/\">Andrey PROSHUTINSKY<\/a>, WHOI, USA<\/p>\n<h2>Co-Principal Investigators<\/h2>\n<p><a href=\"http:\/\/www.efdlhome.org\/people\/\">David HOLLAND<\/a>, NYU, USA<\/p>\n<p><a href=\"http:\/\/www.sfos.uaf.edu\/directory\/faculty\/johnson\/\">Mark JOHNSON<\/a>, IMS\/UAF, USA<\/p>\n<p>Wieslaw MASLOWSKI, NPS, USA<\/p>\n<p>Michael STEELE, PSC\/UW, USA<\/p>\n<p>Eric CHASSIGNET, FSU, USA<\/p>\n<p><a href=\"http:\/\/eapsweb.mit.edu\/people\/person.asp?position=Lecturers&amp;who=hillc\">Chris HILL<\/a>, MIT, USA<\/p>\n<p>Changsheng CHEN, UMASSD, USA<\/p>\n<p>Twenty five institutions have agreed to participate in AOMIP studies in 2008-2009 as co-investigators (see Table below).<\/p>\n<p>&nbsp;<\/p>\n<p><strong>Table 1<\/strong>\u00a0Project participants. Bold font shows institutions supported by NSF via AOMIP grant<\/p>\n\n<table id=\"tablepress-2\" class=\"tablepress tablepress-id-2 tablepress-responsive\">\n<thead>\n<tr class=\"row-1 odd\">\n\t<th class=\"column-1\"><p><strong>Institute, PI(s)<\/strong><\/p><br \/>\n<\/th><th class=\"column-2\"><p><strong>Country<\/strong><\/p><br \/>\n<\/th><th class=\"column-3\"><p><strong>Abbreviation<\/strong><\/p><br \/>\n<\/th>\n<\/tr>\n<\/thead>\n<tbody class=\"row-hover\">\n<tr class=\"row-2 even\">\n\t<td class=\"column-1\"><p>Arctic and Antarctic Research Institute, I. Ashik, M.   Kulakov<\/p><br \/>\n<\/td><td class=\"column-2\"><p>Russia<\/p><br \/>\n<\/td><td class=\"column-3\"><p>AARI<\/p><br \/>\n<\/td>\n<\/tr>\n<tr class=\"row-3 odd\">\n\t<td class=\"column-1\"><p>Alfred Wegener Institute, R. Gerdes and C. Koeberle<\/p><br \/>\n<\/td><td class=\"column-2\"><p>Germany<\/p><br \/>\n<\/td><td class=\"column-3\"><p>AWI<\/p><br \/>\n<\/td>\n<\/tr>\n<tr class=\"row-4 even\">\n\t<td class=\"column-1\"><p><strong>Florida State University, E. Chassignet and D. Dukhovskoy<\/strong><\/p><br \/>\n<\/td><td class=\"column-2\"><p><strong>USA<\/strong><\/p><br \/>\n<\/td><td class=\"column-3\"><p><strong>FSU<\/strong><\/p><br \/>\n<\/td>\n<\/tr>\n<tr class=\"row-5 odd\">\n\t<td class=\"column-1\"><p>Goddard Space Flight Center, S. Hakkinen<\/p><br \/>\n<\/td><td class=\"column-2\"><p>USA<\/p><br \/>\n<\/td><td class=\"column-3\"><p>GSFC<\/p><br \/>\n<\/td>\n<\/tr>\n<tr class=\"row-6 even\">\n\t<td class=\"column-1\"><p>International Arctic Research Center, B. Hibler, G.   Panteleev, E. Watanabe<\/p><br \/>\n<\/td><td class=\"column-2\"><p>USA<\/p><br \/>\n<\/td><td class=\"column-3\"><p>IARC<\/p><br \/>\n<\/td>\n<\/tr>\n<tr class=\"row-7 odd\">\n\t<td class=\"column-1\"><p><strong>Institute of Marine Sciences, UAF, M. Johnson<\/strong><\/p><br \/>\n<\/td><td class=\"column-2\"><p><strong>USA<\/strong><\/p><br \/>\n<\/td><td class=\"column-3\"><p><strong>IMS<\/strong><\/p><br \/>\n<\/td>\n<\/tr>\n<tr class=\"row-8 even\">\n\t<td class=\"column-1\"><p>Institute of Ocean Sciences, G. Holloway<\/p><br \/>\n<\/td><td class=\"column-2\"><p>Canada<\/p><br \/>\n<\/td><td class=\"column-3\"><p>IOS<\/p><br \/>\n<\/td>\n<\/tr>\n<tr class=\"row-9 odd\">\n\t<td class=\"column-1\"><p>Jet Propulsion Laboratory, R. Kwok, A. Nguyen<\/p><br \/>\n<\/td><td class=\"column-2\"><p>USA<\/p><br \/>\n<\/td><td class=\"column-3\"><p>JPL<\/p><br \/>\n<\/td>\n<\/tr>\n<tr class=\"row-10 even\">\n\t<td class=\"column-1\"><p>Laboratoire d'Oc\u00e9anographie:et du Climat:   Exp\u00e9rimentations et Approches Num\u00e9riques LOCEAN, M-N. Houssais and C. Herbaut<\/p><br \/>\n<\/td><td class=\"column-2\"><p>France<\/p><br \/>\n<\/td><td class=\"column-3\"><p>LOCEAN<\/p><br \/>\n<\/td>\n<\/tr>\n<tr class=\"row-11 odd\">\n\t<td class=\"column-1\"><p>Los Alamos National Laboratory, E. Hunke, B. Wingate<\/p><br \/>\n<\/td><td class=\"column-2\"><p>USA<\/p><br \/>\n<\/td><td class=\"column-3\"><p>LANL<\/p><br \/>\n<\/td>\n<\/tr>\n<tr class=\"row-12 even\">\n\t<td class=\"column-1\"><p><strong>Massachusetts Institute of Technology, C. Hill, P.   Heimbach<\/strong><\/p><br \/>\n<\/td><td class=\"column-2\"><p><strong>USA<\/strong><\/p><br \/>\n<\/td><td class=\"column-3\"><p><strong>MIT<\/strong><\/p><br \/>\n<\/td>\n<\/tr>\n<tr class=\"row-13 odd\">\n\t<td class=\"column-1\"><p>National Oceanography Centre   Southampton, Y. Aksenov, B. de Cuevas<\/p><br \/>\n<\/td><td class=\"column-2\"><p>UK<\/p><br \/>\n<\/td><td class=\"column-3\"><p>NOCS<\/p><br \/>\n<\/td>\n<\/tr>\n<tr class=\"row-14 even\">\n\t<td class=\"column-1\"><p><strong>Naval Postgraduate School, W. Maslowski, C. J. Kinney<\/strong><\/p><br \/>\n<\/td><td class=\"column-2\"><p><strong>USA<\/strong><\/p><br \/>\n<\/td><td class=\"column-3\"><p><strong>NPS<\/strong><\/p><br \/>\n<\/td>\n<\/tr>\n<tr class=\"row-15 odd\">\n\t<td class=\"column-1\"><p><strong>New York University, D. Holland<\/strong><\/p><br \/>\n<\/td><td class=\"column-2\"><p><strong>USA<\/strong><\/p><br \/>\n<\/td><td class=\"column-3\"><p><strong>NYU<\/strong><\/p><br \/>\n<\/td>\n<\/tr>\n<tr class=\"row-16 even\">\n\t<td class=\"column-1\"><p>Ocean and Atmosphere Systems, M. Karcher and F. Kauker<\/p><br \/>\n<\/td><td class=\"column-2\"><p>Germany<\/p><br \/>\n<\/td><td class=\"column-3\"><p>OASYS<\/p><br \/>\n<\/td>\n<\/tr>\n<tr class=\"row-17 odd\">\n\t<td class=\"column-1\"><p>Proudman Oceanographic Laboratory, M. Maqueda<\/p><br \/>\n<\/td><td class=\"column-2\"><p>UK<\/p><br \/>\n<\/td><td class=\"column-3\"><p>POL<\/p><br \/>\n<\/td>\n<\/tr>\n<tr class=\"row-18 even\">\n\t<td class=\"column-1\"><p>Russian Academy of Science, Moscow, N. Yakovlev, N.   Diansky<\/p><br \/>\n<\/td><td class=\"column-2\"><p>Russia<\/p><br \/>\n<\/td><td class=\"column-3\"><p>RASM<\/p><br \/>\n<\/td>\n<\/tr>\n<tr class=\"row-19 odd\">\n\t<td class=\"column-1\"><p>Russian Academy of Science, Novosibirsk, E. Golubeva, G.   Platov<\/p><br \/>\n<\/td><td class=\"column-2\"><p>Russia<\/p><br \/>\n<\/td><td class=\"column-3\"><p>RASN<\/p><br \/>\n<\/td>\n<\/tr>\n<tr class=\"row-20 even\">\n\t<td class=\"column-1\"><p>Swedish Meteorological and Hydrological Institute, M. Meir<\/p><br \/>\n<\/td><td class=\"column-2\"><p>Sweden<\/p><br \/>\n<\/td><td class=\"column-3\"><p>SMHI<\/p><br \/>\n<\/td>\n<\/tr>\n<tr class=\"row-21 odd\">\n\t<td class=\"column-1\"><p>University College London, S. Laxon, K. Giles<\/p><br \/>\n<\/td><td class=\"column-2\"><p>UK<\/p><br \/>\n<\/td><td class=\"column-3\"><p>UCL<\/p><br \/>\n<\/td>\n<\/tr>\n<tr class=\"row-22 even\">\n\t<td class=\"column-1\"><p><strong>University of Massachusetts, Dartmouth, C. Chen<\/strong><\/p><br \/>\n<\/td><td class=\"column-2\"><p><strong>USA<\/strong><\/p><br \/>\n<\/td><td class=\"column-3\"><p><strong>UMAS<\/strong><\/p><br \/>\n<\/td>\n<\/tr>\n<tr class=\"row-23 odd\">\n\t<td class=\"column-1\"><p><strong>University of Washington, M. Steele, J. Zhang<\/strong><\/p><br \/>\n<\/td><td class=\"column-2\"><p><strong>USA<\/strong><\/p><br \/>\n<\/td><td class=\"column-3\"><p><strong>UW<\/strong><\/p><br \/>\n<\/td>\n<\/tr>\n<tr class=\"row-24 even\">\n\t<td class=\"column-1\"><p><strong>Woods Hole Oceanographic Institution, A. Proshutinsky, J.   Yang<\/strong><\/p><br \/>\n<\/td><td class=\"column-2\"><p><strong>USA<\/strong><\/p><br \/>\n<\/td><td class=\"column-3\"><p><strong>WHOI<\/strong><\/p><br \/>\n<\/td>\n<\/tr>\n<\/tbody>\n<\/table>\n<!-- #tablepress-2 from cache -->\n\n","protected":false},"excerpt":{"rendered":"<p>2008-2010 participants Principal Investigator Andrey PROSHUTINSKY, WHOI, USA Co-Principal Investigators David HOLLAND, NYU, USA Mark JOHNSON, IMS\/UAF, USA Wieslaw MASLOWSKI, NPS, USA Michael STEELE, PSC\/UW, USA Eric CHASSIGNET, FSU, USA Chris HILL, MIT, USA Changsheng CHEN, UMASSD, USA Twenty five institutions have agreed to participate in AOMIP studies in 2008-2009 as co-investigators (see Table below).&hellip;<\/p>\n","protected":false},"author":83,"featured_media":0,"parent":606,"menu_order":1,"comment_status":"closed","ping_status":"closed","template":"tpl-sidebar.php","meta":{"advanced-sidebar-menu\/link-title":"","advanced-sidebar-menu\/exclude-page":false},"_links":{"self":[{"href":"https:\/\/www2.whoi.edu\/site\/aomip\/wp-json\/wp\/v2\/pages\/610"}],"collection":[{"href":"https:\/\/www2.whoi.edu\/site\/aomip\/wp-json\/wp\/v2\/pages"}],"about":[{"href":"https:\/\/www2.whoi.edu\/site\/aomip\/wp-json\/wp\/v2\/types\/page"}],"author":[{"embeddable":true,"href":"https:\/\/www2.whoi.edu\/site\/aomip\/wp-json\/wp\/v2\/users\/83"}],"replies":[{"embeddable":true,"href":"https:\/\/www2.whoi.edu\/site\/aomip\/wp-json\/wp\/v2\/comments?post=610"}],"version-history":[{"count":3,"href":"https:\/\/www2.whoi.edu\/site\/aomip\/wp-json\/wp\/v2\/pages\/610\/revisions"}],"predecessor-version":[{"id":1666,"href":"https:\/\/www2.whoi.edu\/site\/aomip\/wp-json\/wp\/v2\/pages\/610\/revisions\/1666"}],"up":[{"embeddable":true,"href":"https:\/\/www2.whoi.edu\/site\/aomip\/wp-json\/wp\/v2\/pages\/606"}],"wp:attachment":[{"href":"https:\/\/www2.whoi.edu\/site\/aomip\/wp-json\/wp\/v2\/media?parent=610"}],"curies":[{"name":"wp","href":"https:\/\/api.w.org\/{rel}","templated":true}]}}