{"id":115,"date":"2018-05-07T15:44:54","date_gmt":"2018-05-07T19:44:54","guid":{"rendered":"https:\/\/www2.whoi.edu\/site\/baumgartner-lab\/?page_id=115"},"modified":"2018-05-07T15:44:54","modified_gmt":"2018-05-07T19:44:54","slug":"references","status":"publish","type":"page","link":"https:\/\/www2.whoi.edu\/site\/baumgartner-lab\/resources\/marine-mammal-habitat-modeling\/references\/","title":{"rendered":"References"},"content":{"rendered":"<h1>References<\/h1>\n<p>This is a repository for useful or seminal papers in spatial\/temporal ecological modeling that are likely of use to marine mammalogists.\u00a0 If you have a favorite paper that isn&#8217;t listed here, please send it to Mark Baumgartner (<a href=\"mailto:mbaumgartner@whoi.edu\">mbaumgartner@whoi.edu<\/a>), let us know which category it belongs in, and we&#8217;ll post it here.<\/p>\n<h3>Review and general papers<\/h3>\n<p>Austin, M.P. 2002. <a href=\"http:\/\/www.whoi.edu\/cms\/files\/austin_2002_53551.pdf\">Spatial prediction of species distribution: an interface between ecological theory and statistical modelling.<\/a> Ecological Modelling 157:101-118.<\/p>\n<p>Austin, M. 2007. <a href=\"http:\/\/www.whoi.edu\/cms\/files\/Ecological_Modelling_2007_Austin_53560.pdf\">Species distribution models and ecological theory: A critical assessment and some possible new approaches.<\/a> Ecological Modelling 200:1\u201319.<\/p>\n<p>Guisan A. and N.E. Zimmermann. 2000. <a href=\"http:\/\/www.whoi.edu\/cms\/files\/Guisan_Zimmerman_2000_PredictiveHabitatModeling_53405.pdf\">Predictive habitat distribution models in ecology.<\/a> Ecological Modelling 135:147\u2013186.<\/p>\n<p>Guisan, A. and W. Thuiller. 2005. <a href=\"http:\/\/www.whoi.edu\/cms\/files\/guisan_thuiller_2005_53452.pdf\">Predicting species distribution: offering more than simple habitat models.<\/a> Ecology Letters 8:993\u20131009.<\/p>\n<p>Guisan, A., A. Lehmann, S. Ferrier, M. Austin, J. MC. C. Overton, R. Aspinall, and T. Hastie. 2006. <a href=\"http:\/\/www.whoi.edu\/cms\/files\/guisan_etal_2006_53451.pdf\">Making better biogeographical predictions of species\u2019 distributions.<\/a> Journal of Applied Ecology 43:386\u2013392.<\/p>\n<p>Redfern, J.V., M.C. Ferguson, E.A. Becker, K.D. Hyrenbach, C. Good, J. Barlow, K. Kaschner, M.F. Baumgartner, K.A. Forney, L.T. Ballance, P. Fauchald, P. Halpin, T. Hamazaki, A.J. Pershing, S.S. Qian, A. Read, S.B. Reilly, L. Torres, and F. Werner.\u00a0 2006.\u00a0 <a href=\"http:\/\/www.whoi.edu\/cms\/files\/m310p271_53385.pdf\">Techniques for cetacean-habitat modeling: A review.<\/a> Marine Ecology Progress Series 310:271-295.<\/p>\n<h3>Generalized linear and additive models<\/h3>\n<p>Guisan, A., T.C. Edwards, Jr., and T. Hastie. 2002. <a href=\"http:\/\/www.whoi.edu\/cms\/files\/Ecological_Modelling_2002_Guisan_53559.pdf\">Generalized linear and generalized additive models in studies of species distributions: setting the scene.<\/a> Ecological Modelling 157:89-100.<\/p>\n<p>Pearce, J., and S. Ferrier. 2000. <a href=\"http:\/\/www.whoi.edu\/cms\/files\/Ecological_Modelling_2000_Pearce_53557.pdf\">Evaluating the predictive performance of habitat models developed using logistic regression.<\/a> Ecological Modelling 133:225\u2013245.<\/p>\n<p><a href=\"http:\/\/www.sciencedirect.com\/science?_ob=PublicationURL&amp;_tockey=%2523TOC%25235934%25232002%2523998429997%2523349177%2523FLA%2523&amp;_cdi=5934&amp;_pubType=J&amp;view=c&amp;_auth=y&amp;_acct=C000052003&amp;_version=1&amp;_urlVersion=0&amp;_userid=1206786&amp;md5=6f7d373a61b2573c58479fe5983f5ccf\">Ecological Modelling, Volume 157, Issues 2-3, Pages 89-348 (30 November 2002)<br \/>\n<\/a><br \/>\n<a href=\"http:\/\/www.sciencedirect.com\/science?_ob=PublicationURL&amp;_cdi=5035&amp;_pubType=J&amp;_auth=y&amp;_acct=C000052003&amp;_version=1&amp;_urlVersion=0&amp;_userid=1206786&amp;md5=5dfe3db067419571e90f9bf6adc426e0&amp;jchunk=70%2370\">Fisheries Research, Volume 70, Issues 2-3, Pages 137-428 (December 2004)<br \/>\n<\/a><br \/>\n<a href=\"http:\/\/www.sciencedirect.com\/science?_ob=PublicationURL&amp;_tockey=%2523TOC%25235934%25232006%2523998009997%2523635542%2523FLA%2523&amp;_cdi=5934&amp;_pubType=J&amp;view=c&amp;_auth=y&amp;_acct=C000052003&amp;_version=1&amp;_urlVersion=0&amp;_userid=1206786&amp;md5=cb261c3f94ae27a6567622a7ed6aae4a\">Ecological Modelling, Volume 199, Issue 2, Pages 129-216 (16 November 2006)<\/a><\/p>\n<h3>Presence-only techniques<\/h3>\n<p><em>Applications<\/em><\/p>\n<p>Gregr, E.J. and A.W. Trites. 2001. <a href=\"http:\/\/www.whoi.edu\/cms\/files\/gregr_trites_2001_53552.pdf\">Predictions of critical habitat for five whale species in the waters of coastal British Columbia.<\/a> Canadian Journal of Fisheries and Aquatic Sciences 58:1265\u20131285.<\/p>\n<p>Tittensor, D.P., A.R. Baco, P.E. Brewin, M.R. Clark, M. Consalvey, J. Hall-Spencer, A.A. Rowden, T. Schlacher, K.I. Stocks, and A.D. Rogers.\u00a0 2009.\u00a0 <a href=\"http:\/\/www.whoi.edu\/cms\/files\/tittensor_etal_2009_53386.pdf\">Predicting global habitat suitability for stony corals on seamounts.<\/a> Journal of Biogeography 36:1111\u20131128.<\/p>\n<p><em>Methods<\/em><\/p>\n<p>Carpenter, G., A.N. Gillison, and J. Winter. 1993. <a href=\"http:\/\/www.whoi.edu\/cms\/files\/Carpenter_etal_2003_53463.pdf\">DOMAIN: a flexible modelling procedure for mapping potential distributions of plants and animals.<\/a> Biodiversity and Conservation 2:667-680.<\/p>\n<p>Hengla, T., H. Sierdsema, A. Radovi\u0107, and A. Dilod. <a href=\"http:\/\/www.whoi.edu\/cms\/files\/Hengla_EcologicalModeling_53603.pdf\">Spatial prediction of species\u2019 distributions from occurrence-only records: combining point pattern analysis, ENFA and regression-kriging.<\/a>\u00a0 Ecological Modelling. in press.\u00a0 (<em>see <a href=\"http:\/\/spatial-analyst.net\/wiki\/index.php?title=Species_Distribution_Modelling\">website<\/a>)<\/em><\/p>\n<p>Hirzel, A.H., J. Hausser, D. Chessel, and N. Perrin. 2002. <a href=\"http:\/\/www.whoi.edu\/cms\/files\/Hirzel_etal_2002_53464.pdf\">Ecological-niche factor analysis: how to compute habitat-siutability maps without absence data?<\/a> Ecology 83:2027\u20132036.<\/p>\n<p>Kaschner, K., R. Watson, A.W. Trites, and D. Pauly. 2006. <a href=\"http:\/\/www.whoi.edu\/cms\/files\/Kaschner_etal_2006_53465.pdf\">Mapping world-wide distributions of marine mammal species using a relative environmental suitability (RES) model.<\/a> Marine Ecology Progress Series 316:285\u2013310.<\/p>\n<p>Phillips, S.J. , R.P. Anderson, and R.E. Schapire. 2006. <a href=\"http:\/\/www.whoi.edu\/cms\/files\/phillips_etal_2006_53467.pdf\">Maximum entropy modeling of species geographic distributions.<\/a> Ecological Modelling 190:231\u2013259.<\/p>\n<p>Phillips, S.J. and M. Dudik. 2008. <a href=\"http:\/\/www.whoi.edu\/cms\/files\/phillips_dudik_2008_53466.pdf\">Modeling of species distributions with Maxent: new extensions and a comprehensive evaluation.<\/a> Ecography 31:161-175.<\/p>\n<p><em>Dangers<br \/>\n<\/em><\/p>\n<p>Lozier, J.D., P. Aniello, and M.J. Hickerson. 2009. <a href=\"http:\/\/www.whoi.edu\/cms\/files\/Lozier_etal_2009_53453.pdf\">Predicting the distribution of Sasquatch in western North America: anything goes with ecological niche modelling.<\/a> Journal of Biogeography 36:1623\u20131627.<\/p>\n<p>Phillips, S.J., M. Dudik, J. Elith, C.H. Graham, A. Lehmann, J. Leathwick, and S. Ferrier. 2009. <a href=\"http:\/\/www.whoi.edu\/cms\/files\/Phillips_EcolApp_2009_53454.pdf\">Sample selection bias and presence-only distribution models: implications for background and pseudo-absence data.<\/a> Ecological Applications 19:181\u2013197.<\/p>\n<p><em>Performance evaluation<\/em><\/p>\n<p>Elith, J., C.H. Graham, R.P. Anderson, M. Dudik, S. Ferrier, A. Guisan, R.J. Hijmans, F. Huettmann, J.R. Leathwick, A. Lehmann, J. Li, L.G. Lohmann, B.A. Loiselle, G. Manion, C. Moritz, M. Nakamura, Y. Nakazawa, J. McC. Overton, A.T. Peterson, S.J. Phillips, K.S. Richardson, R. Scachetti-Pereira, R.E. Schapire, J. Soberon, S. Williams, M.S. Wisz, and N.E. Zimmermann. 2006. <a href=\"http:\/\/www.whoi.edu\/cms\/files\/elith_etal_2006_53455.pdf\">Novel methods improve prediction of species\u2019 distributions from occurrence data.<\/a> Ecography 29:129-151.<\/p>\n<p>Farber, O. and R. Kadmon. 2003. <a href=\"http:\/\/www.whoi.edu\/cms\/files\/Farber_Kadmon_03_53456.pdf\">Assessment of alternative approaches for bioclimatic modeling with special emphasis on the Mahalanobis distance.<\/a> Ecological Modelling 160:115-130.<\/p>\n<p>Gregr, E.J. and A.W. Trites. 2008. <a href=\"http:\/\/www.whoi.edu\/cms\/files\/gregr_trites_2008_53553.pdf\">A novel presence-only validation technique for improved Steller sea lion <em>Eumetopias jubatus<\/em> critical habitat descriptions.<\/a> Marine Ecology Progress Series 365:247\u2013261.<\/p>\n<p>Hirzel, A.H. , G. Le Lay, V. Helfer, C. Randin, and A. Guisan. 2006. <a href=\"http:\/\/www.whoi.edu\/cms\/files\/hirzel_etal_2006_53457.pdf\">Evaluating the ability of habitat suitability models to predict species presences.<\/a> Ecological Modelling 199:142-152.<\/p>\n<h3>Movement analyses<\/h3>\n<p>Aarts, G., M. MacKenzie, B. McConnell, M. Fedak and J. Matthiopoulos. 2008. <a href=\"http:\/\/www.whoi.edu\/cms\/files\/Aarts2008_EstimatingSpaceUseFromTelemetryData_53545.pdf\">Estimating space-use and habitat preference from wildlife telemetry data.<\/a> Ecography 31: 140-160.<\/p>\n<p>Austin, D., W.D. Bowen, and J.I. McMillan. 2004. <a href=\"http:\/\/www.whoi.edu\/cms\/files\/Austin2004_57183.pdf\">Intraspecific variation in movement patterns: modeling individual behaviour in a large marine predator.<\/a> Oikos 105:15-30.<\/p>\n<p>Bailey, H., B.R. Mate, D.M. Palacios, L. Irvine, S.J. Bograd, and D.P. Costa. 2009. <a href=\"http:\/\/www.whoi.edu\/cms\/files\/BaileyPreprint_BlueWhale_57185.pdf\">Behavioural estimation of blue whale movements in the Northeast Pacific from state-space model analysis of satellite tracks.<\/a> Endangered Species Research.<\/p>\n<p>Bailey, H., G. Shillinger, D. Palacios, S. Bograd, J. Spotila, F. Paladino, and B. Block. 2008. <a href=\"http:\/\/www.whoi.edu\/cms\/files\/Bailey2008_57184.pdf\">Identifying and comparing phases of movement by leatherback turtles using state-space models.<\/a> Journal of Experimental Marine Biology and Ecology 356:128-135.<\/p>\n<p>Baumgartner, M.F. and B.R. Mate.\u00a0 2005.\u00a0 <a href=\"http:\/\/www.whoi.edu\/cms\/files\/cjfas62_527_53550.pdf\">Summer and fall habitat of North Atlantic right whales (<em>Eubalaena glacialis<\/em>) inferred from satellite telemetry.<\/a> Canadian Journal of Fisheries and Aquatic Sciences 62:527-543.<\/p>\n<p>Breed, G.A., I.D. Jonsen, R.A. Myers, W.D. Bowen, and M.L. Leonard. 2009. <a href=\"http:\/\/www.whoi.edu\/cms\/files\/Breed_etal_Ecology_2009_57186.pdf\">Sex-specific, seasonal foraging tactics of adult grey seals (<em>Halichoerus grypus<\/em>) revealed by state-space analysis.<\/a> Ecology 90:3209-3221.<\/p>\n<p>Eckert, S.A., J.E. Moore, D.C. Dunn, R.S. van Buiten, K.L. Eckert, and P.N. Halpin. 2008. <a href=\"http:\/\/www.whoi.edu\/cms\/files\/Eckert_et_al_EcolApps2_57187.pdf\">Modeling loggerhead turtle movement in the Mediterranean: importance of body size and oceanography.<\/a> Ecological Applications 18:290-308.<\/p>\n<p>Freitas, C., K.M. Kovacs, C. Lydersen, and R.A. Ims. 2008. <a href=\"http:\/\/www.whoi.edu\/cms\/files\/Freitas2008_JAE_57188.pdf\">A novel method for quantifying habitat selection and predicting habitat use.<\/a> Journal of Applied Ecology 45:1213-1220.<\/p>\n<p>Gurarie, E., R. Andrews, and K.L. Laidre. 2009. <a href=\"http:\/\/www.whoi.edu\/cms\/files\/Gurarie_2009_53546.pdf\">A novel method for identifying behavioral changes in animal movement data.<\/a> Ecology Letters 12:395-408.<\/p>\n<p>Johnson, D.S., J.M. London, M.A. Lea, and J.W. Durban. 2008. <a href=\"http:\/\/www.whoi.edu\/cms\/files\/JohnsonEtal_Ecology2008_57189.pdf\">Continuous-time correlated random walk model for animal telemetry data.<\/a> Ecology 89:1208-1215.<\/p>\n<p>Jonsen, I.D., J.M. Fleming, and R.A. Myers. 2005. <a href=\"http:\/\/www.whoi.edu\/cms\/files\/jonsen2005_57190.pdf\">Robust state-space modeling of animal movement data.<\/a> Ecology 86:2874-2880.<\/p>\n<p>Jonsen, I.D., R.A. Myers, and M.C. James. 2007. <a href=\"http:\/\/www.whoi.edu\/cms\/files\/Jonsen2007_57191.pdf\">Identifying leatherback turtle foraging behaviour from satellite-telemetry using a switching state-space model.<\/a> Marine Ecology Progress Series 337:255-264.<\/p>\n<p>Laidre K.L., M.P. Heide-J\u00f8rgensen, M.L. Lodgson, R.C. Hobbs, R. Dietz, and G.R. VanBlaricom. 2004. <a href=\"http:\/\/www.whoi.edu\/cms\/files\/Laidreetal_fractals_53547.pdf\">Fractal analysis of narwhal space use patterns.<\/a> Zoology 107:3-11.<\/p>\n<p>Laidre K.L., M.P. Heide-J\u00f8rgensen, M.L. Logdson, R.C. Hobbs, P. Heagerty, R. Dietz, O.A. J\u00f8rgensen, and M.A. Treble. 2004. <a href=\"http:\/\/www.whoi.edu\/cms\/files\/Laidreetal_Marine_Biology_53548.pdf\">Seasonal narwhal habitat associations in the high Arctic.<\/a> Marine Biology 145:821-831.<\/p>\n<p>Patterson, T.A., L. Thomas, C. Wilcox, O. Ovaskainen, and J. Matthiopoulos. 2008. <a href=\"http:\/\/www.whoi.edu\/cms\/files\/patterson_movement_state_space_models_tree_57192.pdf\">State-space models of individual animal movement.<\/a> Trends in Ecology and Evolution 23:87-94.<\/p>\n<p>Schick, R.S., S.R. Loarie, F. Colchero, B.D. Best, A. Boustany, D.A. Conde, P.N. Halpin, L.N. Joppa, C.M. McClellan, and J.S. Clark. 2008. <a href=\"http:\/\/www.whoi.edu\/cms\/files\/Schick2008_UnderstandingMovementDataProcesses_53549.pdf\">Understanding movement data and movement processes: current and emerging directions.<\/a> Ecology Letters 11:1338\u20131350.<\/p>\n<p>Tremblay, Y., S.A. Shaffer, S.L. Fowler, C.E. Kuhn, B.I. McDonald, M.J. Weise, C.A. Bost, H. Weimerskirch, D.E. Crocker, M.E. Goebel, and D.P. Costa. 2006. <a href=\"http:\/\/www.whoi.edu\/cms\/files\/tremblay2006_57193.pdf\">Interpolation of animal tracking data in a fluid environment.<\/a> Journal of Experimental Biology 209:128-140.<\/p>\n<p>Tremblay, Y., A.J. Roberts, and D.P. Costa. 2007. <a href=\"http:\/\/www.whoi.edu\/cms\/files\/Tremblay2007_57194.pdf\">Fractal landscape method: an alternative approach to measuring area-restricted searching behavior.<\/a> Journal of Experimental Biology 210:935-945.<\/p>\n<p>Tremblay, Y., P.W. Robinson, and D.P. Costa. 2009. <a href=\"http:\/\/www.whoi.edu\/cms\/files\/Tremblay2009_57195.pdf\">A parsimonious approach to modeling animal movement data.<\/a>\u00a0 PLoS ONE 4:e4711. doi:4710.1371\/journal.pone.0004711.<\/p>\n<p>Weng, K.C., D.G. Foley, J.E. Ganong, C. Perle, G.L. Shillinger, and B.A. Block. 2008. <a href=\"http:\/\/www.whoi.edu\/cms\/files\/Weng2008_MEPS_57196.pdf\">Migration of an upper trophic level predator, the salmon shark <em>Lamna ditropis<\/em>, between distant ecoregions.<\/a> Marine Ecology Progress Series 372:253-264.<\/p>\n<p>Whitehead, H., A. Coakes, N. Jaquet, and S. Lusseau. 2008. <a href=\"http:\/\/www.whoi.edu\/cms\/files\/Whitehead_2008MEPS_57197.pdf\">Movements of sperm whales in the tropical Pacific.<\/a> Marine Ecology Progress Series 361:291-300.<\/p>\n<h3>Autocorrelation and pseudoreplication<\/h3>\n<p>Carl, G. and I. K\u00fchn. 2007. <a href=\"http:\/\/www.whoi.edu\/cms\/files\/Ecological_Modelling_2007_Carl_53561.pdf\">Analyzing spatial autocorrelation in species distributions using Gaussian and logit models.<\/a> Ecological Modelling 207:159\u2013170.<\/p>\n<p>Dormann, C.F. 2007. <a href=\"http:\/\/www.whoi.edu\/cms\/files\/Global_Ecology_and_Biogeography_2007_Dormann_53564.pdf\">Effects of incorporating spatial autocorrelation into the analysis of species distribution data.<\/a> Global Ecology and Biogeography 16:129\u2013138.<\/p>\n<p>Dormann, C. F., J.M. McPherson, M.B. Ara\u00fajo, R. Bivand, J. Bolliger, G. Carl, R.G. Davies, A. Hirzel, W. Jetz, W.D. Kissling, I. K\u00fchn, R. Ohlem\u00fcller, P.R. Peres-Neto, B. Reineking, B. Schr\u00f6der, F.M. Schurr, and R. Wilson. 2007. <a href=\"http:\/\/www.whoi.edu\/cms\/files\/DormannEcography30_57164.pdf\">Methods to account for spatial autocorrelation in the analysis of species distributional data: a review.<\/a> Ecography 30:609-628.<\/p>\n<p>Betts, M.G., L.M. Ganio, M.M.P. Huso, N.A. Som, F. Huettmann, J. Bowman, and B.A. Wintle. 2009. <a href=\"http:\/\/www.whoi.edu\/cms\/files\/BettsetalEcography32_57143.pdf\">Comment on \u2018\u2018Methods to account for spatial autocorrelation in the analysis of species distributional data: a review\u2019\u2019<\/a> Ecography 32:374-378.<\/p>\n<p>Dormann, C.F. 2009. <a href=\"http:\/\/www.whoi.edu\/cms\/files\/DormannEcography32_57165.pdf\">Response to comment on \u201cMethods to account for spatial autocorrelation in the analysis of species distributional data: a review\u201d<\/a> Ecography 32: 379-381.<\/p>\n<p>Millar, R.B. and M.J. Anderson. 2004. <a href=\"http:\/\/www.whoi.edu\/cms\/files\/Fisheries_Research_2004_Millar_53563.pdf\">Remedies for pseudoreplication.<\/a> Fisheries Research 70:397\u2013407.<\/p>\n<p>Segurado, P., M.B. Ara\u00fajo, and W.E. Kunin. 2006. <a href=\"http:\/\/www.whoi.edu\/cms\/files\/Journal_of_Applied_Ecology_2006_Segurado_53567.pdf\">Consequences of spatial autocorrelation for niche-based models.<\/a> Journal of Applied Ecology 43:433\u2013444.<\/p>\n<h3>Model evaluation<\/h3>\n<p>Boyce, M.S., P.R. Vernier, S.E. Nielsen, and F.K.A. Schmiegelow. 2002. <a href=\"http:\/\/www.whoi.edu\/cms\/files\/Ecological_Modelling_2002_Boyce_53558.pdf\">Evaluating resource selection functions.<\/a> Ecological Modelling 157:281-300.<\/p>\n<p>Lobo, J.M., A. Jim\u00e9nez-Valverde, and R. Real. 2008. <a href=\"http:\/\/www.whoi.edu\/cms\/files\/Global_Ecology_and_Biogeography_2008_Lobo_53565.pdf\">AUC: a misleading measure of the performance of predictive distribution models.<\/a> Global Ecology and Biogeography 17:145\u2013151.<\/p>\n<p>Peterson, A.T., M. Papes, and J. Sober\u00f3n. 2008. <a href=\"http:\/\/www.whoi.edu\/cms\/files\/Ecological_Modelling_2008_Peterson_53562.pdf\">Rethinking receiver operating characteristic analysis applications in ecological niche modeling.<\/a> Ecological Modelling 213:63\u201372.<\/p>\n<p>Rykiel, E.J., Jr. 1996. <a href=\"http:\/\/www.whoi.edu\/cms\/files\/rykiel_1996_53554.pdf\">Testing ecological models: the meaning of validation.<\/a> Ecological Modelling 90:229-244.<\/p>\n<h3>Model comparisons<\/h3>\n<p>MacLeod, C.D., L. Mandleberg, C. Schweder, S.M. Bannon, and G.J. Pierce. 2008. <a href=\"http:\/\/www.whoi.edu\/cms\/files\/HabitatModelllingInCetaceans_53983.pdf\">A comparison of approaches for modelling the occurrence of marine animals.<\/a> Hydrobiologia 612:21\u201332.<\/p>\n<p>Praca, E., A. Gannier, K. Das, and S. Laran. 2009. <a href=\"http:\/\/www.whoi.edu\/cms\/files\/dsr56_praca_53984.pdf\">Modelling the habitat suitability of cetaceans: Example of the sperm whale in the northwestern Mediterranean Sea.<\/a> Deep-Sea Research I 56:648\u2013657.<\/p>\n<h3>Some exciting and useful controversy in marine mammal habitat modeling!<\/h3>\n<p>Hamazaki, T. 2002. <a href=\"http:\/\/www.whoi.edu\/cms\/files\/hamazaki_mms18_53985.pdf\">Spatiotemporal prediction models of cetacean habitats in the mid-western North Atlantic Ocean (from Cape Hatteras, North Carolina, U.S.A. to Nova Scotia, Canada).<\/a> Marine Mammal Science 18:920-939.<\/p>\n<p>Gregr, E.J. 2004. <a href=\"http:\/\/www.whoi.edu\/cms\/files\/gregr_mms20_53986.pdf\">Modeling species-habitat relationships in the marine environment: a comment on Hamazaki (2002).<\/a> Marine Mammal Science 20:353-355.<\/p>\n<p>Hamazaki, T. 2004. <a href=\"http:\/\/www.whoi.edu\/cms\/files\/hamazaki_mms20_53987.pdf\">Modeling species-habitat relationship in the marine environment: a response to Gregr (2004).<\/a> Marine Mammal Science 20:356-358.<\/p>\n<h3>Scale and resolution<\/h3>\n<p>Guisan, A., C.H. Graham, J. Elith, F. Huettmann and the NCEAS Species Distribution Modelling Group. 2007. <a href=\"http:\/\/www.whoi.edu\/cms\/files\/Diversity_and_Distributions_2007_Guisan_53556.pdf\">Sensitivity of predictive species distribution models to change in grain size.<\/a> Diversity and Distributions 13:332\u2013340.<\/p>\n<h3>Other<\/h3>\n<p>Dormann, C.F. 2007. <a href=\"http:\/\/www.whoi.edu\/cms\/files\/Basic_and_Applied_Ecology_2007_Dormann_53555.pdf\">Promising the future? Global change projections of species distributions.<\/a> Basic and Applied Ecology 8:387-397.<\/p>\n","protected":false},"excerpt":{"rendered":"<p>References This is a repository for useful or seminal papers in spatial\/temporal ecological modeling that are likely of use to marine mammalogists.\u00a0 If you have a favorite paper that isn&#8217;t listed here, please send it to Mark Baumgartner (mbaumgartner@whoi.edu), let us know which category it belongs in, and we&#8217;ll post it here. Review and general&hellip;<\/p>\n","protected":false},"author":2,"featured_media":0,"parent":50,"menu_order":0,"comment_status":"closed","ping_status":"closed","template":"","meta":[],"_links":{"self":[{"href":"https:\/\/www2.whoi.edu\/site\/baumgartner-lab\/wp-json\/wp\/v2\/pages\/115"}],"collection":[{"href":"https:\/\/www2.whoi.edu\/site\/baumgartner-lab\/wp-json\/wp\/v2\/pages"}],"about":[{"href":"https:\/\/www2.whoi.edu\/site\/baumgartner-lab\/wp-json\/wp\/v2\/types\/page"}],"author":[{"embeddable":true,"href":"https:\/\/www2.whoi.edu\/site\/baumgartner-lab\/wp-json\/wp\/v2\/users\/2"}],"replies":[{"embeddable":true,"href":"https:\/\/www2.whoi.edu\/site\/baumgartner-lab\/wp-json\/wp\/v2\/comments?post=115"}],"version-history":[{"count":2,"href":"https:\/\/www2.whoi.edu\/site\/baumgartner-lab\/wp-json\/wp\/v2\/pages\/115\/revisions"}],"predecessor-version":[{"id":117,"href":"https:\/\/www2.whoi.edu\/site\/baumgartner-lab\/wp-json\/wp\/v2\/pages\/115\/revisions\/117"}],"up":[{"embeddable":true,"href":"https:\/\/www2.whoi.edu\/site\/baumgartner-lab\/wp-json\/wp\/v2\/pages\/50"}],"wp:attachment":[{"href":"https:\/\/www2.whoi.edu\/site\/baumgartner-lab\/wp-json\/wp\/v2\/media?parent=115"}],"curies":[{"name":"wp","href":"https:\/\/api.w.org\/{rel}","templated":true}]}}