{"id":95,"date":"2018-05-07T15:26:34","date_gmt":"2018-05-07T19:26:34","guid":{"rendered":"https:\/\/www2.whoi.edu\/site\/baumgartner-lab\/?page_id=95"},"modified":"2018-05-07T15:26:34","modified_gmt":"2018-05-07T19:26:34","slug":"2001-workshop","status":"publish","type":"page","link":"https:\/\/www2.whoi.edu\/site\/baumgartner-lab\/resources\/marine-mammal-habitat-modeling\/2001-workshop\/","title":{"rendered":"2001 Workshop"},"content":{"rendered":"<h1>2001 Workshop<\/h1>\n<p><strong>Workshop on GIS\/Remote Sensing for Marine Mammal Scientists<br \/>\n<\/strong><br \/>\n14th Biennial Conference on the Biology of Marine Mammals: Pre-conference Workshop<br \/>\nNovember 28, 2001<br \/>\nVancouver, Canada<\/p>\n<h3>Organizers<\/h3>\n<p>Ellen Hines (San Francisco State University, USA)<br \/>\nDave Duffus (University of Victoria, Canada)<br \/>\nSue Moore (NOAA National Marine Mammal Lab, USA)<br \/>\nSean Twiss (University of Durham, UK)<br \/>\nCaterina D\u2019Agrosa (Duke University, USA)<br \/>\nEd Gregr (University of British Columbia, Canada)<br \/>\nJan Benson (NOAA National Marine Mammal Lab, USA)<br \/>\nJeremy Davies (NOAA National Marine Mammal Lab, USA)<br \/>\nSarah Allen (Point Reyes National Seashore, USA)<\/p>\n<h3>Purpose of workshop<\/h3>\n<p>There is potential for using geomatic technologies in marine mammal research that is, for the most part, untapped and unrealized.\u00a0 For a realistic assessment of the populations and trends necessary for marine mammal conservation, we need to study the relationships between marine mammal behavior and large-scale abiotic\/biotic oceanographic parameters.<\/p>\n<p>This workshop was created as a first step to gather together marine mammal scientists interested in the possibilities of using geographic information systems (GIS), remotely sensed imagery, and global positioning systems (GPS).\u00a0 The first workshop at the SMM conference in Maui in 1999 was such a success that we decided to hold another workshop for the 2001 SMM conference here in Vancouver.<\/p>\n<p><strong>Workshop Schedule:<br \/>\n<\/strong><br \/>\n8:30 to 9:00 AM Registration<\/p>\n<p>9:00 to 10:30 AM Greetings and outline of day.<\/p>\n<p>Presentations of innovative uses of Geographic Information Systems (moderated by Ellen Hines)<\/p>\n<ul>\n<li>Deutsch, C., Reid, J. P, and D. E. Easton.\u00a0 USGS Sirenia Project, Gainesville, Florida.\u00a0 Use of the ArcView Tracking Analyst to investigate manatee movements.<\/li>\n<li>Kaschner, K. Marine Mammal Research Unit, University of British Columbia, Canada.\u00a0 A spatially explicit model of marine mammal food consumption in the North Atlantic: Incorporation of habitat preferences using GIS.<\/li>\n<li>Ross, M., Weishampel, J. F, and R. O. Flamm.\u00a0 University of Central Florida, Orlando, Florida.\u00a0 Seasonal and diel patterns of manatee habitat selection.<\/li>\n<li>Meier, S. K., and D. A. Duffus.\u00a0 Whale Research Lab, University of Victoria, Canada.\u00a0 A multi-scale spatial analysis of gray whale habitat use and site selection in Clayoquot Sound, Canada.<\/li>\n<\/ul>\n<p>10:30 to 11:15 AM coffee break, poster presentation viewing and demonstrations.<\/p>\n<p>11:15 AM to 12:30 PM Presentations of innovative uses of remote sensing (moderated by Sue Moore)<\/p>\n<ul>\n<li>Davies, J., and S. Moore.\u00a0 Conservation Biology Division, Northwest Fisheries Science Center, Seattle, Washington. Integrating remotely sensed data via GIS: a case study.<\/li>\n<li>Burn, D. M., Webber, M., Garlich-Miller, J., and J. Minick.\u00a0 US Fish and Wildlife Service, Marine Mammals Management Office, Anchorage, Alaska.\u00a0 Detection, classification, and group size estimation of Pacific walrus (Odobenus rosmarus divergens) in Ikonos satellite imagery.<\/li>\n<li>Nichols, T., Barber, D. G., and H. S. Innes.\u00a0 Department of Fisheries and Oceans, Winnipeg, Manitoba, Canada. Application of synthetic aperture radar in stratifying ringed seal (Phoca hispida) habitat.<\/li>\n<li>Freitas, C. M., Engel, M. H., Freitas, A., Pierce, G. J., Miller, P., and M. E. Morete.\u00a0 Centro de Ci\u00eancias Biol\u00f3gicas e Geol\u00f3gicas da Universidade da Madeira, Funchal, Portugal. Relationship between satellite-derived suspended sediments from SeaWiFs and the distribution of humpback whales wintering in Abrolhos, Brazil.<\/li>\n<\/ul>\n<p>12:30 to 1:30PM Lunch<\/p>\n<p>1:30 to 2:45 PM Major Topic Presentations<\/p>\n<ul>\n<li>Halpin, Patrick.\u00a0 Nicholas School of the Environment, Duke University, Durham, North Carolina.\u00a0 Spatial frameworks for marine mammal studies: modeling transient environments.<\/li>\n<li>Gregr, Ed, Marine Mammal Research Unit, University of British Columbia, Canada, and Sean Twiss, Department of Biological Sciences, The University of Durham, Durham, UK.\u00a0 Spatial\/temporal statistical analysis.<\/li>\n<\/ul>\n<p>2:45 to 3:30 PM coffee break, poster presentation viewing and demonstrations.<\/p>\n<p>3:30PM to 5:00 PM concurrent group discussions:<\/p>\n<ul>\n<li>Continuation of discussion on spatial frameworks for marine mammal studies: modeling transient environments (Patrick Halpin).<\/li>\n<li>Continuation of discussion on spatial\/temporal analysis (Ed Gregr and Sean Twiss).<\/li>\n<li>The integration of GIS &amp; Remote Sensing (Jeremy Davies, Conservation Biology Division, Northwest Fisheries Science Center, Seattle, Washington).<\/li>\n<li>Applying GIS to Marine Mammal Ecology Studies (Mark Baumgartner, College of Oceanic and Atmospheric Sciences, Oregon State University).<\/li>\n<\/ul>\n","protected":false},"excerpt":{"rendered":"<p>2001 Workshop Workshop on GIS\/Remote Sensing for Marine Mammal Scientists 14th Biennial Conference on the Biology of Marine Mammals: Pre-conference Workshop November 28, 2001 Vancouver, Canada Organizers Ellen Hines (San Francisco State University, USA) Dave Duffus (University of Victoria, Canada) Sue Moore (NOAA National Marine Mammal Lab, USA) Sean Twiss (University of Durham, UK) Caterina&hellip;<\/p>\n","protected":false},"author":2,"featured_media":0,"parent":50,"menu_order":0,"comment_status":"closed","ping_status":"closed","template":"","meta":[],"_links":{"self":[{"href":"https:\/\/www2.whoi.edu\/site\/baumgartner-lab\/wp-json\/wp\/v2\/pages\/95"}],"collection":[{"href":"https:\/\/www2.whoi.edu\/site\/baumgartner-lab\/wp-json\/wp\/v2\/pages"}],"about":[{"href":"https:\/\/www2.whoi.edu\/site\/baumgartner-lab\/wp-json\/wp\/v2\/types\/page"}],"author":[{"embeddable":true,"href":"https:\/\/www2.whoi.edu\/site\/baumgartner-lab\/wp-json\/wp\/v2\/users\/2"}],"replies":[{"embeddable":true,"href":"https:\/\/www2.whoi.edu\/site\/baumgartner-lab\/wp-json\/wp\/v2\/comments?post=95"}],"version-history":[{"count":2,"href":"https:\/\/www2.whoi.edu\/site\/baumgartner-lab\/wp-json\/wp\/v2\/pages\/95\/revisions"}],"predecessor-version":[{"id":97,"href":"https:\/\/www2.whoi.edu\/site\/baumgartner-lab\/wp-json\/wp\/v2\/pages\/95\/revisions\/97"}],"up":[{"embeddable":true,"href":"https:\/\/www2.whoi.edu\/site\/baumgartner-lab\/wp-json\/wp\/v2\/pages\/50"}],"wp:attachment":[{"href":"https:\/\/www2.whoi.edu\/site\/baumgartner-lab\/wp-json\/wp\/v2\/media?parent=95"}],"curies":[{"name":"wp","href":"https:\/\/api.w.org\/{rel}","templated":true}]}}