{"id":2260,"date":"2021-09-07T11:15:11","date_gmt":"2021-09-07T15:15:11","guid":{"rendered":"https:\/\/www2.whoi.edu\/site\/beaufortgyre\/?page_id=2260"},"modified":"2021-09-09T09:11:40","modified_gmt":"2021-09-09T13:11:40","slug":"dispatch-7-sampling-at-sea-dissolved-organi-matter","status":"publish","type":"page","link":"https:\/\/www2.whoi.edu\/site\/beaufortgyre\/expeditions\/2021-expedition\/2021-dispatches\/dispatch-7-sampling-at-sea-dissolved-organi-matter\/","title":{"rendered":"Dispatch 8: Sampling at Sea &#8211; Dissolved Organic Matter"},"content":{"rendered":"\r\n\r\n\t<h1>Dispatch 8: Sampling at Sea &#8211; Dissolved Organic Matter<\/h1>\r\n\t<h3>Related Images<\/h3>\r\n\t\t\t\t<a href=\"https:\/\/www2.whoi.edu\/site\/beaufortgyre\/wp-content\/uploads\/sites\/108\/2021\/09\/MohamedSampling_smaller.jpg\" target=\"_self\" rel=\"noopener\">\r\n\t\t\t\t<img loading=\"lazy\" src=\"https:\/\/www2.whoi.edu\/site\/beaufortgyre\/wp-content\/uploads\/sites\/108\/2021\/09\/MohamedSampling_smaller.jpg\" alt=\"Mohamed Gamrani fills the quartz cuvette with a sample for the fluorometer. (Photo: Nicolas Sylvestre)\" height=\"646\" width=\"879\" title=\"MohamedSampling_smaller\" \/>\r\n\t\t\t\t<\/a>\r\n\t\tMohamed Gamrani fills the quartz cuvette with a sample for the fluorometer. (Photo: Nicolas Sylvestre)\r\n\t\t\t\t<a href=\"https:\/\/www2.whoi.edu\/site\/beaufortgyre\/wp-content\/uploads\/sites\/108\/2021\/09\/FDOMSamples_smaller-scaled.jpg\" target=\"_self\" rel=\"noopener\">\r\n\t\t\t\t<img loading=\"lazy\" src=\"https:\/\/www2.whoi.edu\/site\/beaufortgyre\/wp-content\/uploads\/sites\/108\/2021\/09\/FDOMSamples_smaller-scaled.jpg\" alt=\"The USherbrooke team collects over 600 samples of FDOM from the CTD rosette casts. (Photo: Helen Gemmrich)\" height=\"1440\" width=\"2560\" title=\"FDOMSamples_smaller\" \/>\r\n\t\t\t\t<\/a>\r\n\t\tThe USherbrooke team collects over 600 samples of FDOM from the CTD rosette casts. (Photo: Helen Gemmrich)\r\n\t\t\t\t<a href=\"https:\/\/www2.whoi.edu\/site\/beaufortgyre\/wp-content\/uploads\/sites\/108\/2021\/09\/NicoSampling_smaller-scaled.jpg\" target=\"_self\" rel=\"noopener\">\r\n\t\t\t\t<img loading=\"lazy\" src=\"https:\/\/www2.whoi.edu\/site\/beaufortgyre\/wp-content\/uploads\/sites\/108\/2021\/09\/NicoSampling_smaller-scaled.jpg\" alt=\"The fluorometer tells Nicolas Sylvestre at what wavelengths the sample fluoresces. (Photo: Helen Gemmrich)\" height=\"2560\" width=\"2034\" title=\"NicoSampling_smaller\" \/>\r\n\t\t\t\t<\/a>\r\n\t\tThe fluorometer tells Nicolas Sylvestre at what wavelengths the sample fluoresces. (Photo: Helen Gemmrich)\r\n\t<h3>Nicolas Sylvestre<\/h3>\r\n<h3>August 29, 2021<\/h3>\r\n<p>I am Nicolas Sylvestre, PhD student at the Universit\u00e9 de Sherbrooke under the supervision of Dr. C\u00e9line Gu\u00e9guen. This year is the third time that I have had the great opportunity to be part of the JOIS\/BGOS expedition in the Canada Basin aboard the CCGS Louis S. St-Laurent. My supervisor C\u00e9line and my lab-mate, Mohamed Gamrani from Sherbrooke are also on board for this scientific mission.<\/p>\r\n<p>During the expedition, we will collect more than 600 samples for the analysis of Fluorescent Dissolved Organic Matter (commonly called FDOM).<\/p>\r\n<p>After each science station, we start our fluorometer, clean the quartz cuvette and analyze the freshly collected samples to build Excitation-Emission Matrices. Back at home, we analyze them to find fluorescent components and their behavior across the Basin. This will help in the never-ending quest of characterising the largely uncharacterized pool of Dissolved Organic Matter (or DOM).<\/p>\r\n<p>DOM is a great carbon sink, but very little is known about its exact chemical composition. We take advantage of this time in the North to collect larger samples, processing them with a solid-phase extraction to concentrate their organic compounds. The extracts will be analyzed in high-resolution mass spectrometry to characterize their multiple components.<\/p>\r\n<p>This year, we are also conducting incubations to measure DOM reactivity in different conditions. Essentially, we filter a lot of seawater and let it sit in the ship&#8217;s refrigerator. At predefined times, my lab-mates and I sample the incubations and run analyses to assess how DOM chemical composition changes with time.<\/p>\r\n<p>Terrestrial DOM can be used to follow freshwater inputs in the ocean. There are also other markers, such as barium concentration. Barium comes from land rock and is delivered to the Arctic Ocean by the Mackenzie River. Mohamed&#8217;s work uses this property to determine the fate of the freshwater that ends up in the ocean. The samples collected from the CTD rosette will be analyzed at home.<\/p>\r\n<p>With all the data and samples gathered at sea, we will have plenty of work ahead of us before next year&#8217;s expedition!<\/p>\r\n<p>&nbsp;<\/p>\r\n\r\n","protected":false},"excerpt":{"rendered":"<p>Dispatch 8: Sampling at Sea &#8211; Dissolved Organic Matter Related Images Mohamed Gamrani fills the quartz cuvette with a sample for the fluorometer. (Photo: Nicolas Sylvestre) The USherbrooke team collects over 600 samples of FDOM from the CTD rosette casts. (Photo: Helen Gemmrich) The fluorometer tells Nicolas Sylvestre at what wavelengths the sample fluoresces. (Photo:&hellip;<\/p>\n","protected":false},"author":99,"featured_media":0,"parent":2141,"menu_order":8,"comment_status":"closed","ping_status":"closed","template":"tpl-sidebar.php","meta":{"advanced-sidebar-menu\/link-title":"","advanced-sidebar-menu\/exclude-page":false},"_links":{"self":[{"href":"https:\/\/www2.whoi.edu\/site\/beaufortgyre\/wp-json\/wp\/v2\/pages\/2260"}],"collection":[{"href":"https:\/\/www2.whoi.edu\/site\/beaufortgyre\/wp-json\/wp\/v2\/pages"}],"about":[{"href":"https:\/\/www2.whoi.edu\/site\/beaufortgyre\/wp-json\/wp\/v2\/types\/page"}],"author":[{"embeddable":true,"href":"https:\/\/www2.whoi.edu\/site\/beaufortgyre\/wp-json\/wp\/v2\/users\/99"}],"replies":[{"embeddable":true,"href":"https:\/\/www2.whoi.edu\/site\/beaufortgyre\/wp-json\/wp\/v2\/comments?post=2260"}],"version-history":[{"count":2,"href":"https:\/\/www2.whoi.edu\/site\/beaufortgyre\/wp-json\/wp\/v2\/pages\/2260\/revisions"}],"predecessor-version":[{"id":2262,"href":"https:\/\/www2.whoi.edu\/site\/beaufortgyre\/wp-json\/wp\/v2\/pages\/2260\/revisions\/2262"}],"up":[{"embeddable":true,"href":"https:\/\/www2.whoi.edu\/site\/beaufortgyre\/wp-json\/wp\/v2\/pages\/2141"}],"wp:attachment":[{"href":"https:\/\/www2.whoi.edu\/site\/beaufortgyre\/wp-json\/wp\/v2\/media?parent=2260"}],"curies":[{"name":"wp","href":"https:\/\/api.w.org\/{rel}","templated":true}]}}