{"id":4148,"date":"2025-10-07T07:12:07","date_gmt":"2025-10-07T11:12:07","guid":{"rendered":"https:\/\/www2.whoi.edu\/site\/beaufortgyre\/?page_id=4148"},"modified":"2025-10-07T07:12:07","modified_gmt":"2025-10-07T11:12:07","slug":"2025-dispatch-18","status":"publish","type":"page","link":"https:\/\/www2.whoi.edu\/site\/beaufortgyre\/expeditions\/2025-expedition\/2025-dispatches\/2025-dispatch-18\/","title":{"rendered":"Dispatch 18: On the hunt for old ice\u2026"},"content":{"rendered":"\n\n\t<h1>Dispatch 18: On the hunt for old ice&#8230;<\/h1>\n\t<h3>Jennifer Kosty (Yale University)<\/h3>\n<strong>October 6, 2025 <\/strong><br \/>\n<strong>16:00 local, 77.51\u25e6N, 138.46\u25e6W<\/strong>\n<p>Conditions:<\/p>\n<ul>\n<li>Cloudy<\/li>\n<li>100% sea ice cover<\/li>\n<li>-7<sup>\u25e6<\/sup>C<\/li>\n<li>Sunrise: 6-Oct-2025 10:26<\/li>\n<li>Sunset: 6-Oct-2025 19:35<\/li>\n<li>Day length: 9 hours, 9 minutes<\/li>\n<\/ul>\n<p>We have officially reached the half-way point of the 2025 BGOS\/JOIS expedition! Today, we continued our search for an ice floe that is sufficiently large and thick for us to complete a full ice survey and deploy additional buoys. Unfortunately, the ice floes in this region appear to be predominantly a patchwork of thick multi-year ice (&gt; 1 m) and thin first year ice (20-30 cm). We are searching for an ice floe with a more uniform thickness, which will provide a safer base for our ice work. We plan to continue our search in the eastern part of the Canada Basin, where there is a higher concentration of old ice.<\/p>\n<p>Meanwhile, the science team enjoyed a well-deserved quiet day inside the Louis. The on-board analysts continued to process samples that have been collected at the past few science stations. Co-chief scientist Sarah Zimmermann worked on reviewing and processing the CTD profile data to ensure the instruments are working properly while also searching for interesting water column features. Sarah-Ann Quesnel continued her review of the geochemistry samples that have been processed on-board in search of outliers, which could potentially result from a Niskin sampling bottle being closed at the wrong depth.<\/p>\n<p>We also got out the supplies for everyone to decorate styrofoam &#8220;shrinky&#8221; cups, which will be sent to the bottom of the Arctic Ocean on an upcoming CTD rosette cast. The cups will shrink under the immense pressure of the 3800 m of ocean water above them, which makes a great souvenir for everyone to take home!<\/p>\n<p>Tonight, we plan to return to CB-16 and complete a 3700 m CTD rosette cast. We will then continue our search for ice floes, with the hope of completing a full ice station tomorrow.<\/p>\n<p>&nbsp;<\/p>\n\t\t\t\t<img loading=\"lazy\" src=\"https:\/\/www2.whoi.edu\/site\/beaufortgyre\/wp-content\/uploads\/sites\/108\/2025\/10\/Dispatch18Figure1.png\" alt=\"Figure 1: The most recent sea ice concentration map for the Beaufort and Chukchi Seas (Source: https:\/\/data.seaice.uni-bremen.de\/databrowser\/). \" height=\"452\" width=\"624\" title=\"Dispatch18Figure1\" \/>\n\t\tFigure 1: The most recent sea ice concentration map for the Beaufort and Chukchi Seas (Source: https:\/\/data.seaice.uni-bremen.de\/databrowser\/). \n\t\t\t\t<img loading=\"lazy\" src=\"https:\/\/www2.whoi.edu\/site\/beaufortgyre\/wp-content\/uploads\/sites\/108\/2025\/10\/Dispatch18Figure2.png\" alt=\"Figure 2: Map showing our current location along the planned 2025 cruise track. \" height=\"1071\" width=\"1430\" title=\"Dispatch18Figure2\" \/>\n\t\tFigure 2: Map showing our current location along the planned 2025 cruise track. \n\t\t\t\t<img loading=\"lazy\" src=\"https:\/\/www2.whoi.edu\/site\/beaufortgyre\/wp-content\/uploads\/sites\/108\/2025\/10\/Dispatch18Photo1.jpg\" alt=\"Photo 1: Dominique Baker (left) and Annabel Payne (right) looking for polar bears from the bridge deck. \" height=\"1073\" width=\"1430\" title=\"Dispatch18Photo1\" \/>\n\t\tPhoto 1: Dominique Baker (left) and Annabel Payne (right) looking for polar bears from the bridge deck. \n\t\t\t\t<img loading=\"lazy\" src=\"https:\/\/www2.whoi.edu\/site\/beaufortgyre\/wp-content\/uploads\/sites\/108\/2025\/10\/Dispatch18Photo2.jpg\" alt=\"Photo 2:  On the hunt for thick ice&#8230; \" height=\"1073\" width=\"1430\" title=\"Dispatch18Photo2\" \/>\n\t\tPhoto 2:  On the hunt for thick ice&#8230; \n\t\t\t\t<img loading=\"lazy\" src=\"https:\/\/www2.whoi.edu\/site\/beaufortgyre\/wp-content\/uploads\/sites\/108\/2025\/10\/Dispatch18Photo3.jpg\" height=\"1104\" width=\"1155\" title=\"Dispatch18Photo3\" \/>\n\t\tPhoto 3: Jennifer Kosty (left) and Dominique Baker (right) decorating styrofoam &#8220;shrinky&#8221; cups. Photo by Annabel Payne.  \n\t\t\t\t<img loading=\"lazy\" src=\"https:\/\/www2.whoi.edu\/site\/beaufortgyre\/wp-content\/uploads\/sites\/108\/2025\/10\/Dispatch18Photo4.jpg\" height=\"468\" width=\"624\" title=\"Dispatch18Photo4\" \/>\n\t\tPhoto 4: (left to right) Erinn Raftery, Chris Clarke, Sarah Zimmermann, C\u00e9line Gu\u00e9guen, Annabel Payne, and Sarah-Ann Quesnel working at the &#8220;data caf\u00e9&#8221;! \n\n","protected":false},"excerpt":{"rendered":"<p>Dispatch 18: On the hunt for old ice&#8230; Jennifer Kosty (Yale University) October 6, 2025 16:00 local, 77.51\u25e6N, 138.46\u25e6W Conditions: Cloudy 100% sea ice cover -7\u25e6C Sunrise: 6-Oct-2025 10:26 Sunset: 6-Oct-2025 19:35 Day length: 9 hours, 9 minutes We have officially reached the half-way point of the 2025 BGOS\/JOIS expedition! Today, we continued our search&hellip;<\/p>\n","protected":false},"author":188,"featured_media":0,"parent":3919,"menu_order":18,"comment_status":"closed","ping_status":"closed","template":"tpl-sidebar.php","meta":{"advanced-sidebar-menu\/link-title":"Dispatch 18: On the hunt for old ice\u2026","advanced-sidebar-menu\/exclude-page":false},"_links":{"self":[{"href":"https:\/\/www2.whoi.edu\/site\/beaufortgyre\/wp-json\/wp\/v2\/pages\/4148"}],"collection":[{"href":"https:\/\/www2.whoi.edu\/site\/beaufortgyre\/wp-json\/wp\/v2\/pages"}],"about":[{"href":"https:\/\/www2.whoi.edu\/site\/beaufortgyre\/wp-json\/wp\/v2\/types\/page"}],"author":[{"embeddable":true,"href":"https:\/\/www2.whoi.edu\/site\/beaufortgyre\/wp-json\/wp\/v2\/users\/188"}],"replies":[{"embeddable":true,"href":"https:\/\/www2.whoi.edu\/site\/beaufortgyre\/wp-json\/wp\/v2\/comments?post=4148"}],"version-history":[{"count":2,"href":"https:\/\/www2.whoi.edu\/site\/beaufortgyre\/wp-json\/wp\/v2\/pages\/4148\/revisions"}],"predecessor-version":[{"id":4156,"href":"https:\/\/www2.whoi.edu\/site\/beaufortgyre\/wp-json\/wp\/v2\/pages\/4148\/revisions\/4156"}],"up":[{"embeddable":true,"href":"https:\/\/www2.whoi.edu\/site\/beaufortgyre\/wp-json\/wp\/v2\/pages\/3919"}],"wp:attachment":[{"href":"https:\/\/www2.whoi.edu\/site\/beaufortgyre\/wp-json\/wp\/v2\/media?parent=4148"}],"curies":[{"name":"wp","href":"https:\/\/api.w.org\/{rel}","templated":true}]}}