{"id":4340,"date":"2025-10-21T10:16:48","date_gmt":"2025-10-21T14:16:48","guid":{"rendered":"https:\/\/www2.whoi.edu\/site\/beaufortgyre\/?page_id=4340"},"modified":"2025-10-22T12:30:25","modified_gmt":"2025-10-22T16:30:25","slug":"2025-dispatch-32","status":"publish","type":"page","link":"https:\/\/www2.whoi.edu\/site\/beaufortgyre\/expeditions\/2025-expedition\/2025-dispatches\/2025-dispatch-32\/","title":{"rendered":"Dispatch 32: Packing and puzzles"},"content":{"rendered":"\n\n\t<h2>Dispatch 32: Packing and puzzles<\/h2>\n\t<h3>Jennifer Kosty (Yale University)<\/h3>\n<p>October 20, 2025<\/p>\n<p>14:00 local, 70.08<sup>\u25e6<\/sup>N, 118.15<sup>\u25e6<\/sup>W<\/p>\n<p>Conditions:<\/p>\n<ul>\n<li>Cloudy<\/li>\n<li>0% sea ice cover<\/li>\n<li>-3<sup>\u25e6<\/sup>C<\/li>\n<li>Sunrise: 20-Oct-2025 9:30<\/li>\n<li>Sunset: 20-Oct-2025 17:43<\/li>\n<li>Day length: 8 hours, 13 minutes<\/li>\n<\/ul>\n<p>Now that we have finished the CTD rosette work on this year&#8217;s cruise, the night and day watches are shifting back to normal work schedules. This means that the day watch finally gets to enjoy the incredible breakfasts served on board! Today&#8217;s menu included eggs, hashbrown patties, sausage, and French toast with blueberry sauce and whipped cream.<\/p>\n<p>After breakfast, we began tackling the colossal task of organizing and packing all the equipment and samples on board. After we disembark in Cambridge Bay, samples are being sent all over the world to be analyzed. For example, Annabel Payne and Marguerite Larriere are sending their CFC12\/SF6 samples to Germany, while their iodine\/uranium samples will be analyzed in Switzerland at ETH Z\u00fcrich. C\u00e9line Gu\u00e9guen and Magali Pucet are shipping samples of dissolved organic matter, bacteria, and barium to the University of Sherbrooke in Quebec, Canada, and Dominique Baker is shipping her DNA\/RNA samples to Concordia University. Some of the ice observing and lab equipment will remain on board for next year&#8217;s cruise, while the rest will be shipped back to Tokyo\/Kitami and the Institute of Ocean Sciences in British Columbia, Canada, respectively. We anticipate that the samples\/equipment will arrive at their final destinations around mid-December, although we are keeping our fingers crossed that they arrive earlier.<\/p>\n<p>In between packing and writing our cruise reports, we are still finding time for fun aboard the Louis! A favorite activity on this year&#8217;s cruise has been working on puzzles in the boardroom. We&#8217;ve managed to complete 4-5 puzzles over the past 5 weeks! We are also hoping to squeeze a few more hacky sack sessions and movie nights in our final few days on the Louis. Only 2 days left before 2025 BGOS\/JOIS expedition officially comes to an end!<\/p>\n\t\t\t\t<img loading=\"lazy\" src=\"https:\/\/www2.whoi.edu\/site\/beaufortgyre\/wp-content\/uploads\/sites\/108\/2025\/10\/Picture1-4.png\" alt=\"Figure 1: The most recent sea ice concentration map for the Beaufort and Chukchi Seas (Source: https:\/\/data.seaice.uni-bremen.de\/databrowser\/). \" height=\"452\" width=\"624\" title=\"Picture1\" \/>\n\t\tFigure 1: The most recent sea ice concentration map for the Beaufort and Chukchi Seas (Source: https:\/\/data.seaice.uni-bremen.de\/databrowser\/). \n\t\t\t\t<img loading=\"lazy\" src=\"https:\/\/www2.whoi.edu\/site\/beaufortgyre\/wp-content\/uploads\/sites\/108\/2025\/10\/Picture3-1.png\" alt=\"Figure 2: Map showing our current location en route to Cambridge Bay. \" height=\"801\" width=\"1430\" title=\"Picture3\" \/>\n\t\tFigure 2: Map showing our current location en route to Cambridge Bay. \n\t\t\t\t<img loading=\"lazy\" src=\"https:\/\/www2.whoi.edu\/site\/beaufortgyre\/wp-content\/uploads\/sites\/108\/2025\/10\/Picture4.png\" alt=\"Figure 3: Locations where samples\/equipment are being shipped (blue markers) after we arrive in Cambridge Bay (yellow marker). \" height=\"352\" width=\"645\" title=\"Picture4\" \/>\n\t\tFigure 3: Locations where samples\/equipment are being shipped (blue markers) after we arrive in Cambridge Bay (yellow marker). \n\t\t\t\t<img loading=\"lazy\" src=\"https:\/\/www2.whoi.edu\/site\/beaufortgyre\/wp-content\/uploads\/sites\/108\/2025\/10\/Picture5-4.jpg\" alt=\"Photo 1: Chris Clarke (left) and Paige Hagel (right) organizing equipment boxes that will remain on the Louis. \" height=\"468\" width=\"624\" title=\"Picture5\" \/>\n\t\tPhoto 1: Chris Clarke (left) and Paige Hagel (right) organizing equipment boxes that will remain on the Louis. \n\t\t\t\t<img loading=\"lazy\" src=\"https:\/\/www2.whoi.edu\/site\/beaufortgyre\/wp-content\/uploads\/sites\/108\/2025\/10\/Picture6-4.jpg\" height=\"468\" width=\"624\" title=\"Picture6\" \/>\n\t\tPhoto 2: Annabel Payne (left) and Marguerite Larriere (right) posing with the iodine\/uranium sample storage container (lovingly referred to as &#8220;the rabbit hutch&#8221;) built for them by carpenter Robert Butt. \n\t\t\t\t<img loading=\"lazy\" src=\"https:\/\/www2.whoi.edu\/site\/beaufortgyre\/wp-content\/uploads\/sites\/108\/2025\/10\/Picture7-4.jpg\" alt=\"Photo 3: (left to right) Shotaro Muraoka, Michiharu Shibata, and Takuji Waseda packing their ice observing equipment. \" height=\"468\" width=\"624\" title=\"Picture7\" \/>\n\t\tPhoto 3: (left to right) Shotaro Muraoka, Michiharu Shibata, and Takuji Waseda packing their ice observing equipment. \n\t\t\t\t<img loading=\"lazy\" src=\"https:\/\/www2.whoi.edu\/site\/beaufortgyre\/wp-content\/uploads\/sites\/108\/2025\/10\/Picture8.png\" alt=\"Photo 4: Some of the puzzles completed on this year's cruise. Photos by Sarah Zimmermann, Jennifer Kosty, and Dominique Baker. \" height=\"1008\" width=\"1430\" title=\"Picture8\" \/>\n\t\tPhoto 4: Some of the puzzles completed on this year&#8217;s cruise. Photos by Sarah Zimmermann, Jennifer Kosty, and Dominique Baker. \n\t\t\t\t<img src=\"https:\/\/www2.whoi.edu\/site\/beaufortgyre\/wp-content\/plugins\/bb-plugin\/img\/pixel.png\" alt=\"\" \/>\n\n","protected":false},"excerpt":{"rendered":"<p>Dispatch 32: Packing and puzzles Jennifer Kosty (Yale University) October 20, 2025 14:00 local, 70.08\u25e6N, 118.15\u25e6W Conditions: Cloudy 0% sea ice cover -3\u25e6C Sunrise: 20-Oct-2025 9:30 Sunset: 20-Oct-2025 17:43 Day length: 8 hours, 13 minutes Now that we have finished the CTD rosette work on this year&#8217;s cruise, the night and day watches are shifting&hellip;<\/p>\n","protected":false},"author":218,"featured_media":0,"parent":3919,"menu_order":31,"comment_status":"closed","ping_status":"closed","template":"tpl-sidebar.php","meta":{"advanced-sidebar-menu\/link-title":"Dispatch 32: Packing and puzzles","advanced-sidebar-menu\/exclude-page":false},"_links":{"self":[{"href":"https:\/\/www2.whoi.edu\/site\/beaufortgyre\/wp-json\/wp\/v2\/pages\/4340"}],"collection":[{"href":"https:\/\/www2.whoi.edu\/site\/beaufortgyre\/wp-json\/wp\/v2\/pages"}],"about":[{"href":"https:\/\/www2.whoi.edu\/site\/beaufortgyre\/wp-json\/wp\/v2\/types\/page"}],"author":[{"embeddable":true,"href":"https:\/\/www2.whoi.edu\/site\/beaufortgyre\/wp-json\/wp\/v2\/users\/218"}],"replies":[{"embeddable":true,"href":"https:\/\/www2.whoi.edu\/site\/beaufortgyre\/wp-json\/wp\/v2\/comments?post=4340"}],"version-history":[{"count":3,"href":"https:\/\/www2.whoi.edu\/site\/beaufortgyre\/wp-json\/wp\/v2\/pages\/4340\/revisions"}],"predecessor-version":[{"id":4363,"href":"https:\/\/www2.whoi.edu\/site\/beaufortgyre\/wp-json\/wp\/v2\/pages\/4340\/revisions\/4363"}],"up":[{"embeddable":true,"href":"https:\/\/www2.whoi.edu\/site\/beaufortgyre\/wp-json\/wp\/v2\/pages\/3919"}],"wp:attachment":[{"href":"https:\/\/www2.whoi.edu\/site\/beaufortgyre\/wp-json\/wp\/v2\/media?parent=4340"}],"curies":[{"name":"wp","href":"https:\/\/api.w.org\/{rel}","templated":true}]}}