{"id":303,"date":"2017-11-20T16:44:43","date_gmt":"2017-11-20T20:44:43","guid":{"rendered":"http:\/\/www.test.dev\/?page_id=303"},"modified":"2026-03-20T14:50:52","modified_gmt":"2026-03-20T18:50:52","slug":"people","status":"publish","type":"page","link":"https:\/\/www2.whoi.edu\/site\/bower-lab\/people\/","title":{"rendered":"Group Members"},"content":{"rendered":"\n\n\t<h1>Group Members<\/h1>\n\t\t\t\t<img loading=\"lazy\" src=\"https:\/\/www2.whoi.edu\/site\/bower-lab\/wp-content\/uploads\/sites\/12\/2019\/09\/graphics-Amy_Bower-_DSC2200-680x1024.jpg\" alt=\"Photo of Amy Bower and Dave Fisichella standing on a ship's deck while holding a long glass deep ocean drifter.\" height=\"1024\" width=\"680\" title=\"graphics-Amy_Bower-_DSC2200\" \/>\n\t<h3>Amy Bower<\/h3>\n<p><em>Senior Scientist<\/em><\/p>\n<p>Amy developed a strong connection to the oceans growing up in a small coastal town\u00a0 in northeastern Massachusetts. Her high school math and physics teachers inspired her to pursue an undergraduate degree in physics at Tufts University near Boston. Through the off-campus Sea Semester program run by Sea Education Association,\u00a0 Amy discovered a field where she could combine her curiosity about the oceans with her undergraduate training in physics-physical oceanography. During the summer between her junior and senior years at Tufts, Amy was an intern at the University of Rhode Island&#8217;s Graduate School of Oceanography, and subsequently earned her Ph.D. there. In 1988, under the mentorship of Professor Tom Rossby. she then accepted a postdoctoral scholar fellowship \u00a0at WHOI and has been there ever since, earning tenure in 1999 and the rank of Senior Scientist in 2005. Presently, she serves as Chair of the Department of Physical Oceanography. She is married and has one daughter.<\/p>\n<span class=\"collapseomatic \" id=\"id69de1f4c9d94c\"  tabindex=\"0\" title=\"Read More\"    >Read More<\/span><span id='swap-id69de1f4c9d94c'  class='colomat-swap' style='display:none;'>Read Less<\/span><div id=\"target-id69de1f4c9d94c\" class=\"collapseomatic_content \">\n<p>Amy&#8217;s primary research interests \u00a0are aimed at understanding the structure and dynamics of the most energetic features of the deep circulation:\u00a0 boundary currents (flows along the edges of the ocean basins) and deep mesoscale eddies (swirling masses of water typically 50 miles in diameter). These components of the deep ocean circulation have an important role in transporting heat, salt and other water properties (and the creatures that live in them) \u00a0long distances in the ocean. The pathways of these currents and eddies are hard to observe because they often have no expression at the sea surface. Amy and her team have used several techniques to uncover these mysteries of the deep, but most often they release freely drifting buoys that sink down below the surface, where they drift with the currents and are tracked underwater using sound. They have deployed hundreds of these so-called RAFOS (Ranging and Fixing of Sound) floats in the North Atlantic, Gulf of Mexico, and Indian Ocean. With these and other tools, Amy&#8217;s group has discovered the formation location of some deep eddies, tracked their life histories and eventual demise; uncovered previously unknown pathways of the deepest currents in the North Atlantic and Gulf of Mexico; and showed important linkages between the pathways of deep currents and the flows above, which in some cases are flowing in the opposite direction.<\/p>\n<p>Legally blind for over 20 years, Amy has learned to use several adaptive technologies to continue her research. These include video magnifiers for enlarging text and graphics, scanners for converting print into speech, and screen readers and magnifying software on the computer. There have been four canine members of Amy&#8217;s group:\u00a0 Winslow, Abby, Echo, and most recently, Intrepid, a black lab guide dog from \u00a0The Seeing Eye in New Jersey. Intrepid doesn&#8217;t yet have his sea legs, but he travels everywhere else with Amy, including meetings and conferences.<\/p>\n<\/div>\n<p>Contact: <a href=\"mailto:abower@whoi.edu\">abower@whoi.edu<\/a> \/ <a href=\"https:\/\/www2.whoi.edu\/site\/bower-lab\/wp-content\/uploads\/sites\/12\/2023\/07\/Bower_A_longCV_7.14.23.pdf\" target=\"_blank\" rel=\"noopener\">View curriculum vitae<\/a><\/p>\n\t\t\t\t<img loading=\"lazy\" src=\"https:\/\/www2.whoi.edu\/site\/bower-lab\/wp-content\/uploads\/sites\/12\/2021\/11\/IMG_2412-scaled-e1637347814529.jpg\" alt=\"Heather Furey working on the back deck of the R\/V\/ Armstrong research ship, getting a instrument ready for sea.\" height=\"1920\" width=\"1920\" title=\"IMG_2412\" \/>\n\t<h3>Heather Furey<\/h3>\n<em>Senior Research Specialist<br \/>\n<\/em>\n<p>Heather has been working in the Bower Lab since 1997, doing everything from managing field programs, to helping ballast floats, to putting together presentations for conferences, to writing scientific publications and proposals. Heather joined WHOI in 1997, after completing an M.S. in Physical Oceanography from the University of Alaska, Fairbanks, and a B.A. in Physics and Studio Art from Smith College.<\/p>\n<p>Contact: <a href=\"mailto:hfurey@whoi.edu\">hfurey@whoi.edu<\/a><\/p>\n\t\t\t\t<img loading=\"lazy\" src=\"https:\/\/www2.whoi.edu\/site\/bower-lab\/wp-content\/uploads\/sites\/12\/2024\/10\/AJE.jpg\" alt=\"Ali sitting cross-legged in the lab of a research ship surrounded by parts of C-PIES instruments.\" height=\"1024\" width=\"768\" \/>\n\t<h3>Ali Johnson Exley<\/h3>\n<em>Postdoctoral Investigator<br \/>\n<\/em>\n<p>Ali joined WHOI and the Bower lab in 2024 after finishing her Ph.D. at the University of Rhode Island Graduate School of Oceanography where she worked with Dr. Kathleen Donohue. Her research interests lie in mid-to-large scale ocean dynamics and understanding the role the ocean plays in our climate system. She has primarily worked in the Southern Ocean, using a combination of observations and numerical modeling to better constrain rates and drivers of heat exchange across fronts of the Antarctic Circumpolar Current. As a postdoc, she is excited to switch polar regions and take a dive into the Atlantic Meridional Overturning Circulation as part of the Overturning in the Subpolar North Atlantic project. Ali loves working at sea and spent nearly five months on research cruises during her Ph.D., including a two-month expedition to Antarctica. She also received her M.S. in physical oceanography at the Graduate School of Oceanography and prior to going back to school, worked as a scientist at the Naval Undersea Warfare Center. In her free time, Ali loves to surf, sail, run, golf, play sports, cook, and travel.<\/p>\n<p>Contact: <a href=\"mailto:alexis.exley@whoi.edu\">alexis.exley@whoi.edu<\/a><\/p>\n<p>Website: <a href=\"https:\/\/www.alijexley.com\">https:\/\/www.alijexley.com<\/a><\/p>\n\t\t\t\t<img loading=\"lazy\" src=\"https:\/\/www2.whoi.edu\/site\/bower-lab\/wp-content\/uploads\/sites\/12\/2024\/04\/BioPic.jpg\" alt=\"Anna and her dog sitting on a stone wall that overlooks the ocean.\" height=\"528\" width=\"792\" title=\"BioPic\" \/>\n\t<h3>Anna Pinckney<\/h3>\n<em>Research\/Access Assistant<br \/>\n<\/em>\n<p>Anna joined WHOI and the Bower Lab in April 2024. She received her B.S. in Environmental Science from Stonehill College, her M.S. in Atmospheric and Oceanic Science from the University of Colorado-Boulder and worked for 2 years as a science teacher before joining WHOI. Anna supports multiple Bower Lab research projects and works on improving accessibility of science to those who are blind and low-vision.<\/p>\n<p>Contact: <a href=\"mailto:anna.pinckney@whoi.edu\">anna.pinckney@whoi.edu<\/a><\/p>\n\t\t\t\t<img loading=\"lazy\" src=\"https:\/\/www2.whoi.edu\/site\/bower-lab\/wp-content\/uploads\/sites\/12\/2026\/03\/Bonnie-2024182-copy-683x1024.jpg\" alt=\"Bonnie sitting in front of a brick wll with her harness on.\" height=\"1024\" width=\"683\" title=\"Bonnie 2024182 copy\" \/>\n\t<h3>Bonnie<\/h3>\n<p><em>Canine-In-Residence<\/em><\/p>\n<p>Bonnie is a black lab\/golden retriever mix, and a proud graduate of the Seeing Eye guide dog school in Morristown, NJ. Bonnie is an expert navigator, accompanying Amy wherever her busy days may take her. When she&#8217;s not out and about, Bonnie greets the team each day with her favorite toy and a gentle tail wag before finding a sunny spot to rest in. Bonnie&#8217;s other roles in the lab include enforcing regular walk breaks and reminding the team that it is always an appropriate time for a treat.<\/p>\n<p>&nbsp;<\/p>\n\t\t\t\t<img loading=\"lazy\" src=\"https:\/\/www2.whoi.edu\/site\/bower-lab\/wp-content\/uploads\/sites\/12\/2019\/05\/jim-valdes-pic-3.jpg\" alt=\"Jim Valdes stands holding a glass deep drifter and looks up at the camera above.\" height=\"600\" width=\"600\" title=\"jim valdes pic 3\" \/>\n\t<h3>Jim Valdes<\/h3>\n<em>Emeritus Research Scholar<br \/>\n<\/em>\n<p>Jim has been a critical part of the Bower Lab for over 25 years. Before that, he was instrumental in the development of the predecessor \u00a0to the RAFOS float, the SOFAR (Sound Fixing and Ranging) float and its use at WHOI by Emeritus Scientists Breck Owens, Phil Richardson and Jim Price. His extensive knowledge in electronics and mechanical systems as been the foundation of the RAFOS float lab at WHOI, from building and tuning the sound sources used for float navigation, to float ballasting, design modifications and improvements.<\/p>\n<p>Contact: <a href=\"mailto:jvaldes@whoi.edu\" target=\"_blank\" rel=\"noopener\">jvaldes@whoi.edu<\/a><\/p>\n\t\t\t\t<img loading=\"lazy\" src=\"https:\/\/www2.whoi.edu\/site\/bower-lab\/wp-content\/uploads\/sites\/12\/2019\/11\/Intrepid_1.jpg\" alt=\"Guide dog Intrepid sits on a cushioned chair and poses for a portrait.\" height=\"9089\" width=\"7461\" title=\"Intrepid_1\" \/>\n\t<h3>Intrepid<\/h3>\n<p><em>Guide Dog, Emeritus<\/em><\/p>\n<p>Intrepid is a true &#8220;lab&#8221; member. A labrador-golden retriever mix, he joined WHOI in 2017 and is a proud graduate of the Seeing Eye guide dog school in Morristown, NJ. Intrepid retired from the lab in 2025, but spends his well-deserved free time relaxing at home on the couch and playing with his new sister, Bonnie.<\/p>\n\t\t\t\t<img src=\"https:\/\/www2.whoi.edu\/site\/bower-lab\/wp-content\/plugins\/bb-plugin\/img\/pixel.png\" alt=\"\" \/>\n\t\t\t\t<img loading=\"lazy\" src=\"https:\/\/www2.whoi.edu\/site\/bower-lab\/wp-content\/uploads\/sites\/12\/2022\/08\/AmySurpriseDinner.jpeg\" alt=\"Dinner party to celebrate Amy's successful completion of her term being Chair of the Physical Oceanography Deapartment.\" height=\"1200\" width=\"2452\" title=\"AmySurpriseDinner\" \/>\n\t<h3>Left to right:<\/h3>\n<p>Bower Lab dinner celebrating Amy&#8217;s successful completion of PO Department Chair! Front row (left to right): Andr\u00e9e Ramsey, Amy Bower, Viviane Menezes. Back row (left to right): John Ramsey, Greg Koman, Dana Koman (holding the luminous young Huck), Carter Payne, Adele Anderson, Peter Furey, Heather Furey.<\/p>\n\t\t\t\t<img loading=\"lazy\" src=\"https:\/\/www2.whoi.edu\/site\/bower-lab\/wp-content\/uploads\/sites\/12\/2021\/05\/group-photo-Anderson-Bower-Furey-Zou-Meunier.jpg\" alt=\"A covid gathering: folks from the Bower Lab outside and separated by a few feet each, after sharing lunch.\" height=\"3429\" width=\"6000\" title=\"group photo - Anderson, Bower, Furey, Zou, Meunier\" \/>\n\t<h3>Left to right:<\/h3>\n<p>Adele Anderson, Amy Bower, Sijia Zou, Heather Furey, Thomas Meunier (all safely distanced to comply with pandemic protocol!).<\/p>\n\t<h1>Alumni<\/h1>\n\t<h2>Postdocs<\/h2>\n<strong>Greg Koman\u00a0 <\/strong>2021-2023\u00a0 <em>Currently affiliated with University of Massachusetts, Boston<br \/>\n<\/em>\n<p><strong>Sijia Zou<\/strong>\u00a0 2019-2021 <em>Currently affiliated with Xiamen University, China<\/em><\/p>\n<p><strong>Viviane Menezes<\/strong>\u00a0 2015-2021\u00a0 <em>Currently an Assistant Scientist at Woods Hole Oceanographic Institution<\/em><\/p>\n<p><strong>Jian Zhao<\/strong> 2015-2018\u00a0<em>Currently affiliated with University of Maryland Center for Environmental Science<\/em><\/p>\n<p><strong>Femke de Jong<\/strong>\u00a0 2011-2014<strong>\u00a0 <\/strong><em>Currently affiliated with Royal Netherlands Institute of Sea Research<\/em><\/p>\n<h2>MIT\/WHOI Joint Program Students<\/h2>\n<p><strong>Ping Zhai\u00a0 <\/strong>2008-2014<em><strong>, <\/strong>Currently affiliated with Princeton University<\/em><\/p>\n<h2>Visiting Students and Investigators<\/h2>\n<p><strong>Austin Krautkramer\u00a0<\/strong>(Blue Economy Intern, 2026)<\/p>\n<p><strong>Hiroki Nagao <\/strong>(Summer Student Fellow, 2021)<\/p>\n<p><strong>Lydia Horb <\/strong>(Guest Student, 2021)<\/p>\n<p><strong>Thanda Newkirk <\/strong>(Summer Student Fellow, 2020)<\/p>\n<p><strong>Masatoshi Miyamoto <\/strong>(Guest student,\u00a0 January 2018 &#8211; May 2018)<\/p>\n<p><strong>Anna Simpson <\/strong>(Guest student, Summer 2016)<\/p>\n<p><strong>Lily Kitfield-Vernon\u00a0 <\/strong>(Guest student, Summer 2015)<\/p>\n<p><strong>Wilken-Jon von Appen<\/strong> (Guest student, Summer 2007)<\/p>\n<h2>Staff<\/h2>\n<strong>Andr\u00e9e Ramsey<\/strong> 2017-2024 <em>Research Associate<\/em><strong><br \/>\n<\/strong>\n<strong>Thomas Meunier <\/strong>2021-2023 <em>Research Associate, Currently Affiliated with Ifremer Brest<\/em><strong><br \/>\n<\/strong>\n<p><strong>Adele Anderson\u00a0<\/strong>2021-2023 <em>Research Assistant<\/em><\/p>\n<strong>Paula Perez-Brunius <\/strong>2002-2003 <em>Research Associate, Currently Affiliated with CICESE (Departamento de Oceanograf\u00eda F\u00edsica, Centro de Investigaci\u00f3n Cient\u00edfica y de Educaci\u00f3n Superior)<br \/>\n<\/em>\n<p>&nbsp;<\/p>\n\n","protected":false},"excerpt":{"rendered":"<p>Group Members Amy Bower Senior Scientist Amy developed a strong connection to the oceans growing up in a small coastal town\u00a0 in northeastern Massachusetts. Her high school math and physics teachers inspired her to pursue an undergraduate degree in physics at Tufts University near Boston. Through the off-campus Sea Semester program run by Sea Education&hellip;<\/p>\n","protected":false},"author":10,"featured_media":0,"parent":0,"menu_order":0,"comment_status":"closed","ping_status":"closed","template":"","meta":[],"_links":{"self":[{"href":"https:\/\/www2.whoi.edu\/site\/bower-lab\/wp-json\/wp\/v2\/pages\/303"}],"collection":[{"href":"https:\/\/www2.whoi.edu\/site\/bower-lab\/wp-json\/wp\/v2\/pages"}],"about":[{"href":"https:\/\/www2.whoi.edu\/site\/bower-lab\/wp-json\/wp\/v2\/types\/page"}],"author":[{"embeddable":true,"href":"https:\/\/www2.whoi.edu\/site\/bower-lab\/wp-json\/wp\/v2\/users\/10"}],"replies":[{"embeddable":true,"href":"https:\/\/www2.whoi.edu\/site\/bower-lab\/wp-json\/wp\/v2\/comments?post=303"}],"version-history":[{"count":3,"href":"https:\/\/www2.whoi.edu\/site\/bower-lab\/wp-json\/wp\/v2\/pages\/303\/revisions"}],"predecessor-version":[{"id":2103,"href":"https:\/\/www2.whoi.edu\/site\/bower-lab\/wp-json\/wp\/v2\/pages\/303\/revisions\/2103"}],"wp:attachment":[{"href":"https:\/\/www2.whoi.edu\/site\/bower-lab\/wp-json\/wp\/v2\/media?parent=303"}],"curies":[{"name":"wp","href":"https:\/\/api.w.org\/{rel}","templated":true}]}}