{"id":633,"date":"2020-07-28T12:27:16","date_gmt":"2020-07-28T16:27:16","guid":{"rendered":"https:\/\/www2.whoi.edu\/site\/jenouvrier\/?page_id=633"},"modified":"2025-09-11T12:35:16","modified_gmt":"2025-09-11T16:35:16","slug":"facts-on-penguins","status":"publish","type":"page","link":"https:\/\/www2.whoi.edu\/site\/jenouvrier\/research\/facts-on-penguins\/","title":{"rendered":"Facts on penguins"},"content":{"rendered":"\n\n\t\t\t\t<img src=\"https:\/\/www2.whoi.edu\/site\/jenouvrier\/wp-content\/plugins\/bb-plugin\/img\/pixel.png\" alt=\"\" \/>\n\t<h1>Penguins sentinel of climate change<\/h1>\n\t<blockquote>The fragile conservation status of most penguin populations mirrors the Southern Ocean&#8217;s condition and the broader challenges facing marine ecosystems worldwide.&#8221;<br \/>\n-Global Penguin Society<\/blockquote>\n\t<h2>Facts<\/h2>\n\t<ol>\n<li>Penguins are flightless marine birds that live almost entirely in the Southern Hemisphere. Highly adapted to aquatic life, they are long-lived species that return to land to breed in dense colonies. Most lay one or two eggs and spend several months raising their chick(s). They dive deep-some over 500 meters-to catch krill, fish, and squid.<\/li>\n<li>Among penguins, the emperor penguin stands out for its remarkable Antarctic breeding strategy: enduring the harsh winter, males incubate eggs for months on sea ice while females forage at sea (Ainley et al. 2010, Trathan et al. 2020).<\/li>\n<li>Penguins are extremely sensitive to environmental change. Over 60% of the 18 penguin species are listed as Vulnerable or Endangered by the IUCN. Changes in sea ice, ocean temperatures, and food availability-driven by global environmental variability-threaten their persistence. Even abundant species like the macaroni penguin are declining steeply.<\/li>\n<\/ol>\n\t<h3>Other websites<\/h3>\n<ul>\n<li><a href=\"https:\/\/www.globalpenguinsociety.org\/\">Global Penguin Society<\/a><\/li>\n<\/ul>\n\t<h2>Our study<\/h2>\n<p>Our research integrates ecology, demography, evolutionary biology, and climate science to better understand how penguin populations respond to environmental change-and to anticipate their future trajectories (Jenouvrier et al. 2009, 2012, 2014, 2020, 2021, 2025, Jenouvrier 2013).<\/p>\n<p>For example, our work contributed directly to the listing of the emperor penguin as a threatened species under the U.S. Endangered Species Act (ESA) (Jenouvrier et al. 2021). By linking long-term biological observations with projections from Earth system models, we demonstrated that environmental change is likely to drive widespread population declines across nearly all colonies by 2100. These findings, submitted to U.S. regulatory agencies, helped provide the scientific basis for the U.S. Fish and Wildlife Service&#8217;s 2022 ESA decision-highlighting the importance of forward-looking, evidence-based conservation.<\/p>\n<p>More recently, we applied a novel multi-model ensemble framework-integrating ecological models with climate projections-to assess extinction risk for the emperor penguin under the IUCN Red List criteria (Jenouvrier et al. 2025). Our analysis shows that, without strong mitigation, over 90% of colonies could face extinction risk by the end of the century. Encouragingly, we also find that achieving international climate targets, such as those outlined in the Paris Agreement, could preserve key refuges and stabilize the global population.<\/p>\n<p>This work demonstrates the value of interdisciplinary science for informing conservation decisions in a changing world. As sentinels of ocean health, penguins remind us that timely, science-based action can help protect biodiversity for future generations.<\/p>\n\t<h3>Current and Past Grants Supporting Our Penguin Research<\/h3>\n<ul>\n<li><strong>Morss Institute Colloquia Award<\/strong>: Conservation of Polar Species Endangered by Climate Change<\/li>\n<li><strong>NASA<\/strong>: Impacts of Growing Antarctic Sea Ice on a Community of Seabirds: Linking Phenology to Population Dynamics<\/li>\n<li><strong>NSF<\/strong>: Collaborative Research: Phytoplankton Phenology in the Antarctic: Drivers, Patterns, and Implications for the Ad\u00e9lie Penguin<\/li>\n<li><strong>NSF<\/strong>: Collaborative Research: Polynyas in Coastal Antarctica (PICA): Linking Physical Dynamics to Biological Variability<\/li>\n<li><strong>NSF<\/strong>: Collaborative Research: A multi-scale approach to understanding spatial and population variability in emperor penguins<\/li>\n<li><strong>NSF<\/strong>: Collaborative Research: Integrating Antarctic Environmental and Biological Predictability to Obtain Optimal Forecasts<\/li>\n<li><strong>NASA<\/strong>: Antarctic Marine Predators in a Dynamic Climate<\/li>\n<li><strong>NASA<\/strong>: Hot Spots in the Ice: Revealing the Importance of Polynyas for Sustaining Antarctic Marine Ecosystems<\/li>\n<\/ul>\n\t<h3>Related Links<\/h3>\n<ul>\n<li><a href=\"https:\/\/theconversation.com\/profiles\/stephanie-jenouvrier-873426\/articles\">Articles by Stephanie Jenouvier<\/a> &#8211; <em>The Conversation<\/em><\/li>\n<li><a href=\"https:\/\/kids.frontiersin.org\/articles\/10.3389\/frym.2023.1052262\">Emperor Penguins on Thin Sea Ice<\/a> &#8211; <em>Frontier<\/em><\/li>\n<li><a href=\"https:\/\/environments.aq\/publications\/emperor-penguins-in-a-changing-world-unveiling-current-trends-and-predicting-future-scenarios\/\">Emperor Penguins in a Changing World: Unveiling Current Trends and Predicting Future Scenarios<\/a> &#8211; Antarctic Environments Portal<\/li>\n<li><a href=\"https:\/\/www.fws.gov\/press-release\/2022-10\/emperor-penguin-gets-endangered-species-act-protections#:~:text=The%20final%20rule%20to%20list,%2DES%2D2021%2D0043\">Emperor Penguin Gets Endangered Species Act Protections<\/a> &#8211; U.S. Fish &amp; Wildlife Service<\/li>\n<li><a href=\"https:\/\/theconversation.com\/emperor-penguins-could-march-to-extinction-if-nations-fail-to-halt-climate-change-126320\">Emperor Penguins could march to extinction if nations fail to halt climate change<\/a> &#8211; The Conversation<\/li>\n<li><a href=\"https:\/\/www.nationalgeographic.com\/magazine\/2020\/06\/as-ice-melts-emperor-penguins-march-toward-extinction-feature\/\">As Ice Melts, Emperor Penguins March Toward Extinction<\/a> &#8211; National Geographic<\/li>\n<li><a href=\"https:\/\/www2.whoi.edu\/site\/jenouvrier\/wp-content\/uploads\/sites\/118\/2021\/02\/Pinguino-enperadorea-desagertarazi-liteke-nazioek-klima-aldaketa-geldiaraztea-lortzen-ez-badute_eus.docx\">Pinguino enperadorea desagertarazi liteke nazioek klima-aldaketa geldiaraztea lortzen ez badute<\/a><\/li>\n<li><a href=\"https:\/\/www2.whoi.edu\/site\/jenouvrier\/wp-content\/uploads\/sites\/118\/2021\/02\/El-ping\u00fcino-emperador-podr\u00eda-marchar-hacia-la-extinci\u00f3n-si-las-naciones-no-consiguen-detener-el-cambio-clim\u00e1tico_es.docx\">El ping\u00fcino emperador podr\u00eda marchar hacia la extinci\u00f3n si las naciones no consiguen detener el cambio clim\u00e1tico<\/a><\/li>\n<\/ul>\n\t\t\t<a href=\"https:\/\/www2.whoi.edu\/site\/jenouvrier\/research\/emperor-penguin-and-the-endangered-species-act\/\" target=\"_self\" role=\"button\" rel=\"noopener\">\n\t\t\t\t\t\t\tREAD MORE\n\t\t\t<\/a>\n\t<h2>Related Multimedia<\/h2>\n\t<div style=\"width: 640px;\" class=\"wp-video\"><!--[if lt IE 9]><script>document.createElement('video');<\/script><![endif]-->\n<video class=\"wp-video-shortcode\" id=\"video-633-1\" width=\"640\" height=\"360\" preload=\"metadata\" controls=\"controls\"><source type=\"video\/mp4\" src=\"https:\/\/www2.whoi.edu\/site\/jenouvrier\/wp-content\/uploads\/sites\/118\/2021\/02\/PenguinsClimate.mp4?_=1\" \/><a href=\"https:\/\/www2.whoi.edu\/site\/jenouvrier\/wp-content\/uploads\/sites\/118\/2021\/02\/PenguinsClimate.mp4\">https:\/\/www2.whoi.edu\/site\/jenouvrier\/wp-content\/uploads\/sites\/118\/2021\/02\/PenguinsClimate.mp4<\/a><\/video><\/div>\n\t<p>Emperor Penguin colonies around Antarctica (black dots) and sea ice cover.<\/p>\n\t<p>Penguins: Canaries in the mine of climate warning. (Author: \u00a0Benoit\u00a0Leblanc)<\/p>\n\t<h2>Outreach<\/h2>\n\t<p><\/p>\n\t<p><\/p>\n\t\n\t\n\t<h2><em>Oceanus<\/em> Magazine<\/h2>\n\t\t\t\t<a href=\"https:\/\/www.whoi.edu\/oceanus\/feature\/from-penguins-to-polar-bears\/\" target=\"_self\" rel=\"noopener\">\n\t\t\t\t<img loading=\"lazy\" src=\"https:\/\/www2.whoi.edu\/site\/jenouvrier\/wp-content\/uploads\/sites\/118\/2020\/07\/graphics-pd3-1-cl_20071202_antarctica_adeliepenguins_030_352213.jpg\" alt=\"Ad\u00e9lie penguin\" height=\"450\" width=\"700\" title=\"graphics-pd3-1-cl_20071202_antarctica_adeliepenguins_030_352213\" \/>\n\t\t\t\t<\/a>\n\t<strong><a href=\"http:\/\/www.whoi.edu\/oceanus\/feature\/from-penguins-to-polar-bears\">From Penguins to Polar Bears<\/a><\/strong><br \/>\nThe impacts of climate change in polar regions<br \/>\nfrom\u00a0<em>Oceanus<\/em> magazine August 2014\n\t\t\t\t<a href=\"https:\/\/www.whoi.edu\/oceanus\/feature\/the-decline-and-fall-of-the-emperor-penguin\/\" target=\"_self\" rel=\"noopener\">\n\t\t\t\t<img loading=\"lazy\" src=\"https:\/\/www2.whoi.edu\/site\/jenouvrier\/wp-content\/uploads\/sites\/118\/2020\/07\/penguins1_310714.jpg\" alt=\"Emperor Penguins\" height=\"450\" width=\"700\" title=\"penguins1_310714\" \/>\n\t\t\t\t<\/a>\n\t<strong><a href=\"http:\/\/www.whoi.edu\/oceanus\/feature\/the-decline-and-fall-of-the-emperor-penguin\">The Decline and Fall of the Emperor Penguin?<\/a><\/strong><br \/>\nClimate Change and Shrinking Ice Threaten Polar Birds<br \/>\nfrom\u00a0<em>Oceanus<\/em>\u00a0magazine November 2013\n\t\t\t\t<a href=\"https:\/\/www.whoi.edu\/oceanus\/feature\/are-emperor-penguins-marching-to-extinction\/\" target=\"_self\" rel=\"noopener\">\n\t\t\t\t<img loading=\"lazy\" src=\"https:\/\/www2.whoi.edu\/site\/jenouvrier\/wp-content\/uploads\/sites\/118\/2020\/07\/penguinsTop_93195.jpg\" alt=\"Emperor Penguins\" height=\"354\" width=\"550\" title=\"penguinsTop_93195\" \/>\n\t\t\t\t<\/a>\n\t<strong><a href=\"http:\/\/www.whoi.edu\/oceanus\/feature\/are-emperor-penguins-marching-to-extinction\">Are Emperor Penguins Marching to Extinction?<\/a><\/strong><br \/>\nfrom\u00a0<em>Oceanus<\/em>\u00a0magazine September 2009\n\n","protected":false},"excerpt":{"rendered":"<p>Penguins sentinel of climate change The fragile conservation status of most penguin populations mirrors the Southern Ocean&#8217;s condition and the broader challenges facing marine ecosystems worldwide.&#8221; -Global Penguin Society Facts Penguins are flightless marine birds that live almost entirely in the Southern Hemisphere. Highly adapted to aquatic life, they are long-lived species that return to&hellip;<\/p>\n","protected":false},"author":83,"featured_media":0,"parent":626,"menu_order":1,"comment_status":"closed","ping_status":"closed","template":"","meta":[],"_links":{"self":[{"href":"https:\/\/www2.whoi.edu\/site\/jenouvrier\/wp-json\/wp\/v2\/pages\/633"}],"collection":[{"href":"https:\/\/www2.whoi.edu\/site\/jenouvrier\/wp-json\/wp\/v2\/pages"}],"about":[{"href":"https:\/\/www2.whoi.edu\/site\/jenouvrier\/wp-json\/wp\/v2\/types\/page"}],"author":[{"embeddable":true,"href":"https:\/\/www2.whoi.edu\/site\/jenouvrier\/wp-json\/wp\/v2\/users\/83"}],"replies":[{"embeddable":true,"href":"https:\/\/www2.whoi.edu\/site\/jenouvrier\/wp-json\/wp\/v2\/comments?post=633"}],"version-history":[{"count":3,"href":"https:\/\/www2.whoi.edu\/site\/jenouvrier\/wp-json\/wp\/v2\/pages\/633\/revisions"}],"predecessor-version":[{"id":1155,"href":"https:\/\/www2.whoi.edu\/site\/jenouvrier\/wp-json\/wp\/v2\/pages\/633\/revisions\/1155"}],"up":[{"embeddable":true,"href":"https:\/\/www2.whoi.edu\/site\/jenouvrier\/wp-json\/wp\/v2\/pages\/626"}],"wp:attachment":[{"href":"https:\/\/www2.whoi.edu\/site\/jenouvrier\/wp-json\/wp\/v2\/media?parent=633"}],"curies":[{"name":"wp","href":"https:\/\/api.w.org\/{rel}","templated":true}]}}