{"id":27,"date":"2017-06-07T15:56:53","date_gmt":"2017-06-07T19:56:53","guid":{"rendered":"https:\/\/www2.whoi.edu\/staff\/template-blue-prepop\/?page_id=27"},"modified":"2022-12-19T11:30:01","modified_gmt":"2022-12-19T15:30:01","slug":"publications","status":"publish","type":"page","link":"https:\/\/www2.whoi.edu\/staff\/amacdonald\/publications\/","title":{"rendered":"Publications"},"content":{"rendered":"\n\n\t<h1>Publications<\/h1>\n\t<h3>2020<\/h3>\n<p>Silvano, A., A. Foppert, S. R. Rintoul, P. R. Holland, T. Tamura, N. Kimura, P. Castagno, P. G. Budillon, F. A. Haumann, A. Naveira Garabato, and <strong>A. M. Macdonald<\/strong> (2020). Recovery of Antarctic Bottom Water formation driven by anomalous climate forcing, <em>Nature<\/em>., submitted<\/p>\n<p><strong>Macdonald, A. M.,<\/strong> S. Yoshida, S. M. Pike, K. O. Buesseler, I. I. Rypina, S. R. Jayne, V. Rossi and J. Kenyon (2020). A Fukushima Perspective on Four Years of Mode Water Evolution, <em>Deep Sea Res<\/em>., in revision<\/p>\n<p>Ferster, B.S., and <strong>A. M. Macdonald<\/strong> (2020) Diagnosing Biases in Estimates of Antarctic Polar Front Location and Variability,\u00a0<em>J. Geophys. Res., <\/em>in revision<\/p>\n<h3>2019<\/h3>\n<p>Lee, J., S.-H., E.-J. Yang, <strong>A. Macdonald<\/strong>, H. M. Joo, J. Park, G. Kim, J.-E. Yoon, S.-S. Kim, J.-H. Lim, and I.-N. Kim (2019). Latitudinal Variations and Controls of Bacterial Community Composition during the Summer of 2017 in Western Arctic Surface Waters (from the Bering Strait to the Chukchi Borderland), <em>Nature- Scientific Reports<\/em>, doi: 10.1038\/s41598-019-53427-4.<\/p>\n<p>Hern\u00e1ndez-Guerra, A., L. D. Talley, J. Luis Pelegr\u00ed, O. V\u00e9lez-Belch\u00ed, M. O. Baringer, <strong>A. M. Macdonald<\/strong>, and E. L. McDonagh (2019) The Upper, Deep, Abyssal and Overturning Circulation in the Atlantic Ocean at 30\u00b0S in 2003 and 2011, <em>Prog. Oceanogr.<\/em>, doi: 10.1016\/j.pocean.2019.102136<\/p>\n<p>Cedarholm, E. R., I. I. Rypina, <strong>A. M. Macdonald<\/strong> and S. Yoshida (2019). Investigating subsurface pathways of Fukushima Cs in the Northwest Pacific, <em>Geophys. Res. Lett.<\/em><strong>, <\/strong>doi:10.1029\/2019GL082500.<\/p>\n<p>Carter, B.R., R. A. Feely, R. Wanninkhof, S. Kouketsu, R. E. Sonnerup, P. C. Pardo, C. L. Sabine, G. C. Johnson, B. M. Sloyan, A. Murata, S. Mecking, B. Tilbrook, K.\u00a0 Speer, L. D. Talley, F. J. Millero, S. E. Wijffels, <strong>A. M. Macdonald<\/strong>, N. Gruber, and J. L. Bullister (2019) Pacific anthropogenic carbon between 1991 and 2017, <em>Global Biogeochemical Cycles<\/em>, doi:10.1029\/2018GB006154.<\/p>\n<h3>2018<\/h3>\n<p>Yoon, J.-E., K.-C. Yoo, A. M. Macdonald, H. I. Yoon, K.-T. Park, E.-J. Yang, H.-C. Kim, J. I. Lee, M. K. Lee, J. Jung, J. Park, J.-M. Song, T.-J. Choi, K. K., and I.-N. Kim (2018) Reviews and syntheses: Ocean iron fertilization experiments &#8211; past, present, and future looking to a future Korean Iron Fertilization Experiment in the Southern Ocean (KIFES) project, <em>Biogeosciences<\/em>, 15, 5847-5889, https:\/\/doi.org\/10.5194\/bg-15-5847-2018.<\/p>\n\n<h3>2017<\/h3>\n<p>Smith, J., V. Rossi, K. Buesseler, J. Cullen, J. Cornett, R. Nelson, <strong>A. Macdonald<\/strong>, R. Marie and J. Kellogg. 2017. Time series measurements of the transport of the Fukushima radioactivity plume through the northeast Pacific Ocean, <em>Environmental Science &amp; Technology<\/em> (in revision).<\/p>\n<p>Yoon, J.-E., K.-C. Yoo, <strong>A. M. Macdonald<\/strong>, H. I. Yoon, K.-T. Park, E.-J. Yang, H.-C. Kim, J. I. Lee, M. K. Lee, J. Jung, J. Park, J.-M. Song, T.-J. Choi, K. K., and I.-N. Kim, 2017. Ocean Iron Fertilization Experiments: Past-Present-Future with Introduction to Korean Iron Fertilization Experiment in the Southern Ocean (KIFES) Project, <em>Biogeosciences Discussions<\/em>, doi:\u00a010.5194\/bg-2016-472 (presently under revision for <em>Biogeosciences<\/em>)<\/p>\n<p>Mazloff, M. R., J.-B. Sall\u00e9e, V. V. Menezes, <strong>A. M. Macdonald<\/strong>, M. P. Meredith, L. Newman, V. Pellichero, F. Roquet, S. Swart, and A. W\u00e5hlin. 2017. Southern Ocean, In State of the Climate in 2016, <em>Bulletin of American Meteorological Society, <\/em>(in press).<\/p>\n<p>Yoon, J.-E, <strong>A. M. Macdonald<\/strong>, K.-T. Park, K. Kim, T.-W. Kim, E.-J. Yang, H.-C. Kim, K.-C. Yoo, H. I. Yoon, M.-i. Kang, J.-m. Song,T.-J. Choi, and I.-N. Kim, 2017. Spatial and temporal variability of spring Asian dust events and their impacts on ocean primary productivity in the western North Pacific Ocean, <em>Geophys. Res. Lett.,<\/em> <strong>44<\/strong>, 1474-1482, 10.1002\/2016GL072124.<\/p>\n<p>Carter, B.R.<sup>, <\/sup>R. A. Feely, S. Mecking, J. N. Cross, <strong>A. M. Macdonald<\/strong>, S. A.\u00a0 Siedlecki, L. D. Talley, C. L. Sabine, F. J. Millero, J. H. Swift, A. G. Dickson and K. B. Rodgers, 2017. <sup>\u00a0<\/sup>Two Decades of Pacific Anthropogenic Carbon Storage and Ocean Acidification Along GO-SHIP Sections P16 and P02. <em>Global Biogeochem. Cycles<\/em>, <strong>31<\/strong>, 306-327, doi:10.1002\/2016GB005485.<\/p>\n<p>Kim, H.-C., I.-N. Kim, <strong>A. M. Macdonald<\/strong>, K.-T. Park, J. Chi, J.-H. Kim<sup>5<\/sup>, and J.-E. Yoon, T. Lee, 2017. Estimating Remineralized Phosphate and Its Remineralization Rate in the Northern East China Sea During Summer 1997: A Snapshot Study Before Construction of the Three-Gorges Dam, <em>Terrestrial Atmosphere Ocean Sciences<\/em>,\u00a0 doi: 10.3319\/TAO.2016.01.24.01.<\/p>\n<p>Menezes, V. V., <strong>A. M. Macdonald<\/strong>, and C. Schatzman, 2017. Accelerated Indian Ocean Bottom Water Freshening: A Possible Link to Iceberg Calving, <em>Science Frontiers<\/em>, doi: 10.1126\/sciadv.1601426.<\/p>\n<p>Rypina I., D. Fertitta, <strong>A. M. Macdonald<\/strong>, S. Yoshida and S. Jayne, 2017. Multi-iteration approach to studying tracer spreading using drifter data. <em>J. Phys. Ocean, <\/em>doi: 10.1175\/JPO-D-16-0165.1.<\/p>\n<h3>2016<\/h3>\n<p>Talley L.D. R.A. Feely, B.M. Sloyan, R. Wanninkhof, M.O. Baringer,J.L.Bullister, C.A. Carlson, S.C. Doney, R.A. Fine, E. Firing, N. Gruber, D.A.Hansell, M. Ishii, G.C. Johnson, K. Katsumata, R.M. Key, M. Kramp, C. Langdon, <strong>A.M. Macdonald<\/strong>, J.T. Mathis, E.L. McDonagh, S. Mecking, F.J. Millero, C.W. Mordy, T. Nakano, C.L. Sabine, W.M. Smethie, J.H. Swift, T. Tanhua, A.M. Thurnherr, M.J. Warner, and J.-Z. Zhang, 2016.\u00a0 Changes in Ocean Heat, Carbon Content, and Ventilation: A Review of the First Decade of GO-SHIP Global Repeat Hydrography, <em>Annu. Rev. Mar. Sci<\/em>.\u00a0 doi: 10.1146\/annurev-marine-052915-100829.<\/p>\n<h3>2015<\/h3>\n<p>Yoshida, S., <strong>A. M. Macdonald<\/strong>, S. R. Jayne, I. I. Rypina and K. O. Buesseler, 2015. Observed eastward progression of the Fukushima <sup>134<\/sup>Cs signal across the North Pacific, <em>GR<\/em>L, doi: 10.1002\/2015GL065259.<\/p>\n<h3>2014<\/h3>\n<p>Rypina, I. I., S. Jayne, S. Yoshida, <strong>A. M. Macdonald,<\/strong> and K. O. Buesseler, 2014. Drifter-based study of the 5-year dispersal of Fukushima-derived radionuclides. <em>J. Geophys. Res<\/em>., DOI:<strong>\u00a0<\/strong>10.1002\/2014JC010306.<\/p>\n<h3>2013<\/h3>\n\n\n<p><strong>Macdonald, A. M.<\/strong> and M. O. Baringer. 2013. Ocean heat transport, Chapter 29. In <em>Ocean Circulation and Climate, A 21<sup>st<\/sup> Cenury Perspective<\/em>, eds: J. Church, J. Gould, S. Griffies and G. Siedler. In International Geophysics Volume 103, Academic Press, Elsevier, Amsterdam, pp. 868.<\/p>\n<p>Kim, I-N, D-M Min and <strong>A. M. Macdonald<\/strong>, 2013. Water column denitrification rates in the oxygen minimum layer of the Pacific Ocean along 32\u00b0S and their significance to the Pacific nitrogen budget. <em>Global Biogeochemical Cycles<\/em>, <strong>27<\/strong>, doi:10.1002\/gbc.20070.<\/p>\n<p>Kim,\u00a0I.-N., K. Lee, H. W. Bange, and <strong>A. M. Macdonald<\/strong>, 2013. Interannual variation in summer N<sub>2<\/sub>O concentration in the hypoxic region of the northern Gulf of Mexico, 1985-2007, <em>Biogeosciences, <\/em><strong>10<\/strong>, 6315-6334, doi:10.5194\/bgd-10-6315-2013.<\/p>\n<p>Baringer, M. O., W. E. Johns , G. McCarthy, J. Willis, S. Garzoli, M. Lankhorst, C. S. Meinen, U. Send, W. R. Hobbs, S. A. Cunningham, D. Raynor, D. A. Smeed, T. O. Kanzow, P. Heimbach, E. Frajka-Williams, <strong>A. Macdonald<\/strong>, S. Dong, and J. Marotzke, 2013. Meridional overturning circulation and heat transport observations in the Atlantic Ocean. State of the Climate in 2012, <em>Bulletin of American Meteorological Society<\/em>, <strong>94<\/strong> (8), S565-S568.<\/p>\n<p>Abraham, J.P., M. Baringer, N.L. Bindoff, T. Boyer, L.J. Cheng, J.A. Church, J.L. Conroy, C.M. Domingues, J.T. Fasullo, J. Gilson, G. Goni, S.A. Good, J.M. Gorman, V. Gouretski, M. Ishii, G.C. Johnson, S. Kizu, J.M. Lyman, <strong>A.M. Macdonald<\/strong>, W.J. Minkowycz, S.E. Moffitt, M.D. Palmer, A.R. Piola, F. Reseghetti, K. Schuckmann, K.E. Trenberth, I. Velicogna, and J.K. Willis, 2013. A review of global ocean temperature observations: Implications for ocean heat content estimates and climate change, <em>Reviews of Geophysics<\/em>, <strong>51<\/strong>, doi: 8755-1209\/13\/10.1002\/rog.20022.<\/p>\n<h3>2012<\/h3>\n<p>Buesseler, K.O., S. R. Jayne, N. S. Fisher, I. I. Rypina, H. Baumann, Z. Baumann, C. F. Breier, E. M. Douglass, J. George, <strong>A. M. Macdonald<\/strong>, H. Miyamoto, J. Nishikawa, S. M. Pike, and S. Yoshida, 2012. Fukushima-derived radionuclides in the ocean and biota off Japan. <em>Proceedings of the National Academy of Sciences<\/em>. doi:10.1073\/pnas.1120794109.<\/p>\n<p>Baringer, M. O., S. A. Cunningham, C. S. Meinen, S. Garzoli, J. Willis, M. Lankhorst, <strong>A. Macdonald<\/strong>, U. Send, W. R. Hobbs, T. O. Kanzow, D. Rayner, W. E. Johns, H. L. Bryden, L. M. Beal, and J. Marotzke, 2012. Meridional overturning circulation observations in the subtropical North Atlantic. State of the Climate in 2011, <em>Bulletin of American Meteorological Society<\/em>, <strong>93<\/strong> (7), S78-S81.<\/p>\n<h3>2011<\/h3>\n<p>Fekete, B.M. and <strong>A.M. Macdonald<\/strong>, 2011. [Global Climate] River discharge. In &#8220;State of the Climate in 2010&#8221;, <em>Bulletin of American Meteorological Society<\/em>, <strong>92<\/strong> (6), S46-S48.<\/p>\n<h3>2010<\/h3>\n<p>Fekete, B.M., R.B. Lammers, <strong>A.M. Macdonald<\/strong>, L.C. Bowling, R. Lawford, 2010. U.S. River discharge for 2009. In State of the Climate in 2010, <em>Bulletin of American Meteorological Society, <\/em><strong>91 <\/strong>(7), 1-222.<\/p>\n<h3>2009<\/h3>\n<p><strong>Macdonald, A. M.,<\/strong> S. Mecking,\u00a0 P. E. Robbins, J. M. Toole,\u00a0 G. C. Johnson, L. D. Talley,\u00a0 M. Cook, S., E. Wijffels, 2009. The WOCE-era 3-D Pacific Ocean Circulation and Heat Budget. <em>Progress in Oceanography<\/em>, <strong>82, <\/strong>Issue 4, 281-325.<\/p>\n<p><strong>Macdonald, A. M.,<\/strong> B. M. Fekete, L. C. Bowling, R. B. Lammers and R. Lawford, 2009, U.S. River Discharge for 2008, In State of the Climate in 2008, <em>Bull. Amer. Meteor. Soc<\/em>., 90 (8), S1-S196.<\/p>\n<p><strong>Macdonald, A. M.,<\/strong> B. M. Fekete L. C. Bowling, R. B. Lammers and R. Lawford, 2009, River Discharge, In State of the Climate in 2008, <em>Bull. Amer. Meteor. Soc<\/em>., 90 (8), S1-S196.<\/p>\n<h3>2008<\/h3>\n<p>Pickart, R. S., G. W. K. Moore, <strong>A. M. Macdonald<\/strong>, I. A. Renfrew, J. E. Walsh and W. S. Kessler, 2008. Seasonal evolution of Aleutian low-pressure systems: Implications for the North Pacific sub-polar circulation. Journal of Physical Oceanography, DOI:10.1175\/2008JPO3891.1.<\/p>\n<h3>2004<\/h3>\n<p>Hansell, D. A., H. W. Ducklow, <strong>A. M. Macdonald<\/strong>, and M. O&#8217;Neil Baringer, 2004. Metabolic poise in the\u00a0North Atlantic Ocean diagnosed from organic matter transports. <em>Limnology and Oceanography<\/em>, <strong>49<\/strong>, 1084-1094.<\/p>\n<p>Suga, T., K. Motoki and <strong>A. M. Macdonald<\/strong>, 2004. The North Pacific climatology of winter mixed layer and mode waters. <em>Journal of Geophysical Research<\/em>, <strong>34<\/strong>(1), 3-22.<\/p>\n<h3>2003<\/h3>\n<p><strong>Macdonald, A. M.,<\/strong> M. O&#8217;Neil Baringer, R. Wanninkhof, K. Lee, and D.W.R. Wallace, 2003. A 1998-1992 comparison of inorganic carbon and its transport across 24.5\u00b0N in the Atlantic. <em>Deep Sea Research II<\/em>, <strong>50<\/strong>, 3041-3064.<\/p>\n<h3>2001<\/h3>\n<p><strong>Macdonald, A. M.,<\/strong> T. Suga, and R. G. Curry, 2001. An isopycnally averaged North Pacific climatology. <em>Journal of Oceanic and Atmospheric Technology<\/em>, <strong>18<\/strong>, 394-420.<\/p>\n<p><strong>Macdonald, A. M.,<\/strong> M. O&#8217;Neil Baringer, and A. Ganachaud, 2001. Heat Transport and Climate, in <em>Encyclopedia of Ocean Sciences<\/em>, J. H. Steele, S. A. Thorpe and K. K. Turekian (eds.), <strong>2<\/strong>, 1195-1206.<\/p>\n<h3>1998<\/h3>\n<p><strong>Macdonald, A. M.,<\/strong> 1998. The global ocean circulation: A hydrographic estimate and regional analysis. <em>Progress in Oceanography<\/em>, <strong>41<\/strong>, 281-382.<\/p>\n<h3>1996<\/h3>\n<p><strong>Macdonald, A. M.,<\/strong> and C. Wunsch, 1996. A global estimate of the ocean circulation and heat fluxes. <em>Nature<\/em>, <strong>382<\/strong>, 436-439.<\/p>\n<h3>1994<\/h3>\n<p><strong>Macdonald, A. M.<\/strong>, J. Candela, and H. L. Bryden, 1994. An estimate of the heat transport through the Strait of Gibraltar, The Seasonal and Interannual Variability of the West\u00adern Mediterranean Sea, edited by P. La Violette. <em>Coastal and Estuarine Studies<\/em>, <strong>46<\/strong>, 13-32.<\/p>\n<h3>1993<\/h3>\n<p><strong>Macdonald, A. M<\/strong>., 1993. Property fluxes at 30\u00b0S and their implications for the Pacific-Indian throughflow and the global heat budget. <em>Journal of Geophysical Research<\/em>, <strong>98<\/strong>, 6851-6868.<\/p>\n<h3>1984<\/h3>\n<p>Fabbiano, G., G. Trinchieri, and <strong>A. Macdonald<\/strong>, 1984. X-ray observations of spiral galaxies. I.\u00a0Integrated properties. <em>Astrophysical Journal<\/em>, <strong>284<\/strong>, 65.<\/p>\n\t<h3>Highlighted publications<\/h3>\n<p>Macdonald, A. M. and V. V. Menezes (2017) Deep southeast Indian Ocean waters see accelerated freshening. U.S. CLIVAR Highlights. February 8, 2017. https:\/\/usclivar.org\/research-highlights\/deep-southeast-indian-ocean-waters-see-accelerated-freshening.<\/p>\n\n\n","protected":false},"excerpt":{"rendered":"<p>Publications 2020 Silvano, A., A. Foppert, S. R. Rintoul, P. R. Holland, T. Tamura, N. Kimura, P. Castagno, P. G. Budillon, F. A. Haumann, A. Naveira Garabato, and A. M. Macdonald (2020). Recovery of Antarctic Bottom Water formation driven by anomalous climate forcing, Nature., submitted Macdonald, A. M., S. Yoshida, S. M. Pike, K. O.&hellip;<\/p>\n","protected":false},"author":76,"featured_media":0,"parent":0,"menu_order":0,"comment_status":"closed","ping_status":"closed","template":"","meta":[],"_links":{"self":[{"href":"https:\/\/www2.whoi.edu\/staff\/amacdonald\/wp-json\/wp\/v2\/pages\/27"}],"collection":[{"href":"https:\/\/www2.whoi.edu\/staff\/amacdonald\/wp-json\/wp\/v2\/pages"}],"about":[{"href":"https:\/\/www2.whoi.edu\/staff\/amacdonald\/wp-json\/wp\/v2\/types\/page"}],"author":[{"embeddable":true,"href":"https:\/\/www2.whoi.edu\/staff\/amacdonald\/wp-json\/wp\/v2\/users\/76"}],"replies":[{"embeddable":true,"href":"https:\/\/www2.whoi.edu\/staff\/amacdonald\/wp-json\/wp\/v2\/comments?post=27"}],"version-history":[{"count":3,"href":"https:\/\/www2.whoi.edu\/staff\/amacdonald\/wp-json\/wp\/v2\/pages\/27\/revisions"}],"predecessor-version":[{"id":286,"href":"https:\/\/www2.whoi.edu\/staff\/amacdonald\/wp-json\/wp\/v2\/pages\/27\/revisions\/286"}],"wp:attachment":[{"href":"https:\/\/www2.whoi.edu\/staff\/amacdonald\/wp-json\/wp\/v2\/media?parent=27"}],"curies":[{"name":"wp","href":"https:\/\/api.w.org\/{rel}","templated":true}]}}