{"id":27,"date":"2025-02-28T14:08:13","date_gmt":"2025-02-28T19:08:13","guid":{"rendered":"https:\/\/www2.whoi.edu\/staff\/template-blue-prepop\/?page_id=27"},"modified":"2025-07-23T16:06:12","modified_gmt":"2025-07-23T20:06:12","slug":"publications","status":"publish","type":"page","link":"https:\/\/www2.whoi.edu\/staff\/hhouskee\/publications\/","title":{"rendered":"Publications"},"content":{"rendered":"\n\n\t<h1>Publications<\/h1>\n\t\t\t\t\t<a href=\"#\" id=\"fl-accordion--label-0\">2025<\/a>\n\t\t\t\t\t\t\t\t\t\t\t<a href=\"#\" id=\"fl-accordion--icon-0\"><i>Collapse<\/i><\/a>\n\t\t\t\t\t<p>Houskeeper H.F. and S.B. Hooker. &#8220;The primacy of colored dissolved organic matter to aquatic light variability.&#8221; Biogeosciences (Accepted 2025).<\/p>\n<p>Oliver, H., J. Turner, A. Castagna, H.F. Houskeeper, and H. Dierssen. &#8220;High Antarctic coastal productivity in polynyas revealed by considering remote sensing ice-adjacency effects.&#8221; Limnology and Oceanography Letters (Accepted 2025).<\/p>\n<p>Arafeh-Dalmau, N., J.C. Villase\u00f1or-Derbez, D. Schoeman, A. Mora-Soto, T.W. Bell, C. Butler, M. Costa, L. Dunga, H.F. Houskeeper, C. Lagger, C. Pantano, D. La\u00ednez del Pozo, K.J. Sink, J. Sletten, T. Vincent, F. Micheli, and Ky.C. Cavanaugh. &#8220;Intensifying marine heatwaves and limited protection threaten global kelp forests.&#8221; Nature Communications 16, no. 3173 (April 2025). https:\/\/doi.org\/10.1038\/s41467-025-58054-4.<\/p>\n<p>Gonzalez-Aragon, D., R. Mu\u00f1oz, H.F. Houskeeper, Ky.C. Cavanaugh, W. Garc\u00eda-Tu\u00f1on, L. Farias, C. Lara, and B. Broitman. &#8220;Seasonal and inter-annual dynamics of a Macrocystis pyrifera forest in Concepcion Bay, Chile.&#8221; Ecological Informatics 87, no. 103013 (March 2025). https:\/\/doi.org\/10.1016\/j.ecoinf.2025.103103.<\/p>\n\t\t\t\t\t<a href=\"#\" id=\"fl-accordion--label-1\">2024<\/a>\n\t\t\t\t\t\t\t\t\t\t\t<a href=\"#\" id=\"fl-accordion--icon-1\"><i>Expand<\/i><\/a>\n\t\t\t\t\t<p>Houskeeper, H.F., S.B. Hooker, and R.N. Lind. &#8220;Expanded linear responsivity for Earth and planetary radiometry.&#8221; Journal of Atmospheric and Oceanic Technology 41, no. 11 (November 2024): 1093-1105. https:\/\/doi.org\/10.1175\/JTECH-D-23-0133.1.<\/p>\n<p>Kudela, R.M., S.B. Hooker, L.S. Guild, H.F. Houskeeper, and N. Taylor. &#8220;Expanded signal to noise ratio estimates for validating next-generation satellite sensors in oceanic, coastal, and inland waters.&#8221; Special Issue, Optical Remote Sensing of the Atmosphere and Oceans in Remote Sensing 16, (March 2024): 1238. https:\/\/doi.org\/10.3390\/rs16071238.<\/p>\n\t\t\t\t\t<a href=\"#\" id=\"fl-accordion--label-2\">2023<\/a>\n\t\t\t\t\t\t\t\t\t\t\t<a href=\"#\" id=\"fl-accordion--icon-2\"><i>Expand<\/i><\/a>\n\t\t\t\t\t<p>Houskeeper, H.F., and S.B. Hooker. &#8220;Extending aquatic spectral information with the first radiometric IR-B observations.&#8221; PNAS Nexus 2, no. 11 (October 2023): pgad340. https:\/\/doi.org\/10.1093\/pnasnexus\/pgad340.<\/p>\n<p>Bell, T.W., Ky.C. Cavanaugh, V.R. Saccomanno, Ka.C. Cavanaugh, H.F. Houskeeper, N. Eddy, F. Shuetzenmeister, N. Rindlaub, and M. Gleason. &#8220;Kelpwatch: A visualization and analysis tool to explore kelp canopy dynamics reveals variable response to and recovery from marine heatwaves.&#8221; PLoS One 18, no. 3 (March 2023): e0271477. https:\/\/doi.org\/10.1371\/ journal.pone.0271477.<\/p>\n<p>&nbsp;<\/p>\n\t\t\t\t\t<a href=\"#\" id=\"fl-accordion--label-3\">2022<\/a>\n\t\t\t\t\t\t\t\t\t\t\t<a href=\"#\" id=\"fl-accordion--icon-3\"><i>Expand<\/i><\/a>\n\t\t\t\t\t<p>Marquez, L., E. Fragkopoulou, Ky.C. Cavanaugh, H.F. Houskeeper, and J. Assis. &#8220;Artificial intelligence convolutional neural networks map giant kelp forests from satellite imagery.&#8221; Scientific Reports 12, no. 22196 (December 2022). https:\/\/doi.org\/10.1038\/s41598-022-26439-w.<\/p>\n<p>Mantha, K., R. Sankar, Y. Zheng, L. Fortson, T. Pengo, D. Mashek, M. Sanders, T. Christensen, J. Salisbury, L. Trouille, J.E.K. Byrnes, I. Rosenthal, H.F. Houskeeper, and Ky.C. Cavanaugh. &#8220;From Fat Deposits to Floating Forests: Cross-Domain Transfer Learning using PatchGAN-based Segmentation Model.&#8221; CIKM\/HIL-DC (October 2022). https:\/\/doi.org\/10.48550\/arXiv.2211.03937.<\/p>\n<p>Houskeeper, H.F., S.B. Hooker, and Ky.C. Cavanaugh. &#8220;Spectrally simplified approach for leveraging legacy geostationary oceanic observations.&#8221; Applied Optics 61, no. 27 (September 2022): 7966-7977. https:\/\/doi.org\/10.1364\/AO.465491.<\/p>\n<p>Hooker, S.B., H.F. Houskeeper, R.M. Kudela, K. Suzuki, and R.N. Lind. &#8220;Verification and validation of hybridspectral radiometry obtained from an unmanned surface vessel (USV) in the open and coastal oceans.&#8221; Special Issue, Recent Advances in Ocean Physics, Geochemistry and Biology from Unmanned Marine Vehicles in Remote Sensing 14, no. 5 (February 2022): 1084. https:\/\/doi.org\/10.3390\/rs14051084.<\/p>\n<p>Houskeeper, H.F., I.S. Rosenthal, Ka.C. Cavanaugh, C. Pawlak, L. Trouille, J.E.K. Byrnes, T.W. Bell, and Ky.C. Cavanaugh. &#8220;Variability of giant kelp in the Islas Malvinas or Falkland Islands based on historical satellite imagery&#8221; PLoS One 17, no. 1 (January 2022): e0257933. https:\/\/doi.org\/10.1371\/journal.pone.0257933.<\/p>\n\t\t\t\t\t<a href=\"#\" id=\"fl-accordion--label-4\">2021<\/a>\n\t\t\t\t\t\t\t\t\t\t\t<a href=\"#\" id=\"fl-accordion--icon-4\"><i>Expand<\/i><\/a>\n\t\t\t\t\t<p>Hooker, S.B., H.F. Houskeeper, R.N. Lind, and K. Suzuki. &#8220;One- and two-band sensors and algorithms to derive aCDOM(440) from global above- and in-water optical observations.&#8221; Sensors 21, no. 16 (July 2021): 5384. https:\/\/doi.org\/10.3390\/s21165384.<\/p>\n<p>Hooker, S.B., H.F. Houskeeper, R.M. Kudela, A. Matsuoka, K. Suzuki, and T. Isada. &#8220;Spectral modes of radiometric measurements in optically complex waters.&#8221; Continental Shelf Research 219 (April 2021): 104357. https:\/\/doi.org\/10.1016\/j.csr.2021.104357.<\/p>\n<p>McPherson, M.L., D.J.I. Finger, H.F. Houskeeper, T.W. Bell, M.R. Carr, L. Rogers-Bennett, and R.M. Kudela. &#8220;Large-scale shift in the structure of a kelp forest ecosystem co-occurs with an epizootic and marine heatwave.&#8221; Communications Biology 4, no. 1 (March 2021): 298. https:\/\/doi.org\/10.1038\/s42003-021-01827-6.<\/p>\n<p>Finger, D.J.I., M.L. McPherson, H.F. Houskeeper, and R.M. Kudela. &#8220;Mapping bull kelp canopy in northern California using Landsat to enable long-term monitoring.&#8221; Remote Sensing of Environment 254 (March 2021): 112243. https:\/\/doi.org\/10.1016\/j.rse.2020.112243.<\/p>\n<p>Houskeeper, H.F., S.B. Hooker, and R.M. Kudela. &#8220;Spectral range within global aCDOM(440) algorithms for oceanic, coastal, and inland waters with application to airborne measurements.&#8221; Remote Sensing of Environment 253C (February 2021): 112155. https:\/\/doi.org\/10.1016\/j.rse.2020.112155.<\/p>\n\t\t\t\t\t<a href=\"#\" id=\"fl-accordion--label-5\">2020 and so on<\/a>\n\t\t\t\t\t\t\t\t\t\t\t<a href=\"#\" id=\"fl-accordion--icon-5\"><i>Expand<\/i><\/a>\n\t\t\t\t\t<p>Guild, L.S., R.M. Kudela, S.B. Hooker, S.L. Palacios, and H.F. Houskeeper. &#8220;Airborne radiometry for calibration, validation, and research in oceanic, coastal, and inland waters.&#8221; Frontiers in Environmental Science 8, no. 585529 (November 2020): 209. https:\/\/doi.org\/10.3389\/fenvs.2020.585529.<\/p>\n<p>Houskeeper, H.F., D. Draper, R.M. Kudela, and E. Boss. &#8220;Chlorophyll absorption and phytoplankton size information inferred from hyperspectral particulate beam-attenuation.&#8221; Applied Optics 59, no. 22 (August 2020): 6765-6773. https:\/\/doi.org\/10.1364\/AO.396832.<\/p>\n<p>Hooker, S.B., A. Matsuoka, R.M. Kudela, Y. Yamashita, K. Suzuki, and H.F. Houskeeper. &#8220;A global end-member approach to derive aCDOM(440) from near-surface optical measurements.&#8221; Biogeosciences 17, no. 2 (January 2020): 475-497. https:\/\/doi.org\/10.5194\/bg-17-475-2020.<\/p>\n<p>Houskeeper, H.F. and R.M. Kudela. &#8220;Ocean color quality control masks contain the high phytoplankton fraction of coastal ocean observations.&#8221; Special Issue, Coastal Waters Monitoring Using Remote Sensing Technology in Remote Sensing 11, no. 18 (September 2019): 2167. https:\/\/doi.org\/10.3390\/rs11182167.<\/p>\n<p>Kudela, R.M., S.B. Hooker, H.F. Houskeeper, and M.L. McPherson. &#8220;The influence of signal to noise ratio of legacy airborne and satellite sensors for simulating next-generation coastal and inland water products.&#8221; Special Issue, State-of-the-Art Remote Sensing in North America 2019 in Remote Sensing 11, no. 18 (September 2019): 2071. https:\/\/doi.org\/10.3390\/rs11182071.<\/p>\n<p>Hooker, S.B., R.N. Lind, J.H. Morrow, J.W. Brown, K. Suzuki, H.F. Houskeeper, T. Hirawake, and E.R. Ma\u00fare. Enhanced legacy and state-of-the-art instrument suites. Vol. 1 of Advances in Above- and In-Water Radiometry. NASA Goddard Space Flight Center, Greenbelt, Maryland, 68pp. (November 2018): NASA\/TP-2018-219033\/Vol. 1.<\/p>\n<p>Hooker, S.B., R.N. Lind, J.H. Morrow, J.W. Brown, R.M. Kudela, H.F. Houskeeper, and K. Suzuki. Autonomous atmospheric and oceanic observing systems. Vol. 2 of Advances in Above- and In-Water Radiometry. NASA Goddard Space Flight Center, Greenbelt, Maryland, 69 pp. (November 2018): NASA\/TP-2018-219033\/Vol. 2.<\/p>\n<p>Hooker, S.B., R.N. Lind, J.H. Morrow, J.W. Brown, R.M. Kudela, H.F. Houskeeper, and K. Suzuki. Hybridspectral next-generation optical instruments. Vol. 3 of Advances in Above- and In-Water Radiometry. NASA Goddard Space Flight Center, Greenbelt, Maryland, 39 pp. (November 2018): NASA\/TP-2018-219033\/Vol. 3.<\/p>\n\n","protected":false},"excerpt":{"rendered":"<p>Publications 2025 Collapse Houskeeper H.F. and S.B. Hooker. &#8220;The primacy of colored dissolved organic matter to aquatic light variability.&#8221; Biogeosciences (Accepted 2025). Oliver, H., J. Turner, A. Castagna, H.F. Houskeeper, and H. Dierssen. &#8220;High Antarctic coastal productivity in polynyas revealed by considering remote sensing ice-adjacency effects.&#8221; Limnology and Oceanography Letters (Accepted 2025). Arafeh-Dalmau, N., J.C.&hellip;<\/p>\n","protected":false},"author":328,"featured_media":0,"parent":0,"menu_order":0,"comment_status":"closed","ping_status":"closed","template":"","meta":[],"_links":{"self":[{"href":"https:\/\/www2.whoi.edu\/staff\/hhouskee\/wp-json\/wp\/v2\/pages\/27"}],"collection":[{"href":"https:\/\/www2.whoi.edu\/staff\/hhouskee\/wp-json\/wp\/v2\/pages"}],"about":[{"href":"https:\/\/www2.whoi.edu\/staff\/hhouskee\/wp-json\/wp\/v2\/types\/page"}],"author":[{"embeddable":true,"href":"https:\/\/www2.whoi.edu\/staff\/hhouskee\/wp-json\/wp\/v2\/users\/328"}],"replies":[{"embeddable":true,"href":"https:\/\/www2.whoi.edu\/staff\/hhouskee\/wp-json\/wp\/v2\/comments?post=27"}],"version-history":[{"count":3,"href":"https:\/\/www2.whoi.edu\/staff\/hhouskee\/wp-json\/wp\/v2\/pages\/27\/revisions"}],"predecessor-version":[{"id":168,"href":"https:\/\/www2.whoi.edu\/staff\/hhouskee\/wp-json\/wp\/v2\/pages\/27\/revisions\/168"}],"wp:attachment":[{"href":"https:\/\/www2.whoi.edu\/staff\/hhouskee\/wp-json\/wp\/v2\/media?parent=27"}],"curies":[{"name":"wp","href":"https:\/\/api.w.org\/{rel}","templated":true}]}}