{"id":29,"date":"2022-07-13T15:40:22","date_gmt":"2022-07-13T19:40:22","guid":{"rendered":"https:\/\/www2.whoi.edu\/staff\/template-blue-prepop\/?page_id=29"},"modified":"2025-03-16T09:03:08","modified_gmt":"2025-03-16T13:03:08","slug":"group","status":"publish","type":"page","link":"https:\/\/www2.whoi.edu\/staff\/holiver\/group\/","title":{"rendered":"Group"},"content":{"rendered":"\n\n\t<h2>Research Staff<\/h2>\n<p>Finn Wimberly (2024-, WHOI Engineering Assistant II)<\/p>\n<p>Phoebe Oehmig (2021, WHOI Engineering Assistant III)<\/p>\n\t<h2>Postdocs<\/h2>\n<p>Jackie Veatch (2024-, NSF OCE Postdoctoral Research Fellow, coadvised with Dennis McGillicuddy)<\/p>\n<p>Adrienne Silver (2023-2024, WHOI Postdoctoral Investigator, coadvised with Glen Gawarkiewicz)<\/p>\n\t<h2>Students<\/h2>\n<p>Jan \u015aliwi\u0144ski (2023-2024, Master in Marine Science, G\u00f6teborgs Universitet, coadvised with Bastien Queste, now at Institute of Oceanology Polish Academy of Sciences)<\/p>\n\n","protected":false},"excerpt":{"rendered":"<p>Research Staff Finn Wimberly (2024-, WHOI Engineering Assistant II) Phoebe Oehmig (2021, WHOI Engineering Assistant III) Postdocs Jackie Veatch (2024-, NSF OCE Postdoctoral Research Fellow, coadvised with Dennis McGillicuddy) Adrienne Silver (2023-2024, WHOI Postdoctoral Investigator, coadvised with Glen Gawarkiewicz) Students Jan \u015aliwi\u0144ski (2023-2024, Master in Marine Science, G\u00f6teborgs Universitet, coadvised with Bastien Queste, now at&hellip;<\/p>\n","protected":false},"author":286,"featured_media":0,"parent":0,"menu_order":0,"comment_status":"closed","ping_status":"closed","template":"","meta":[],"_links":{"self":[{"href":"https:\/\/www2.whoi.edu\/staff\/holiver\/wp-json\/wp\/v2\/pages\/29"}],"collection":[{"href":"https:\/\/www2.whoi.edu\/staff\/holiver\/wp-json\/wp\/v2\/pages"}],"about":[{"href":"https:\/\/www2.whoi.edu\/staff\/holiver\/wp-json\/wp\/v2\/types\/page"}],"author":[{"embeddable":true,"href":"https:\/\/www2.whoi.edu\/staff\/holiver\/wp-json\/wp\/v2\/users\/286"}],"replies":[{"embeddable":true,"href":"https:\/\/www2.whoi.edu\/staff\/holiver\/wp-json\/wp\/v2\/comments?post=29"}],"version-history":[{"count":4,"href":"https:\/\/www2.whoi.edu\/staff\/holiver\/wp-json\/wp\/v2\/pages\/29\/revisions"}],"predecessor-version":[{"id":355,"href":"https:\/\/www2.whoi.edu\/staff\/holiver\/wp-json\/wp\/v2\/pages\/29\/revisions\/355"}],"wp:attachment":[{"href":"https:\/\/www2.whoi.edu\/staff\/holiver\/wp-json\/wp\/v2\/media?parent=29"}],"curies":[{"name":"wp","href":"https:\/\/api.w.org\/{rel}","templated":true}]}}