{"id":178,"date":"2021-07-07T19:01:41","date_gmt":"2021-07-07T23:01:41","guid":{"rendered":"https:\/\/www2.whoi.edu\/staff\/mceballosromero\/?page_id=178"},"modified":"2026-02-02T07:26:34","modified_gmt":"2026-02-02T12:26:34","slug":"inicio","status":"publish","type":"page","link":"https:\/\/www2.whoi.edu\/staff\/mceballosromero\/inicio\/","title":{"rendered":"Inicio"},"content":{"rendered":"\n\n\t\t\t\t<a href=\"https:\/\/www2.whoi.edu\/staff\/mceballosromero\/wp-content\/uploads\/sites\/272\/2021\/09\/ECR_cut-scaled.jpg\" target=\"_self\" rel=\"noopener\">\n\t\t\t\t<img loading=\"lazy\" src=\"https:\/\/www2.whoi.edu\/staff\/mceballosromero\/wp-content\/uploads\/sites\/272\/2021\/09\/ECR_cut-scaled.jpg\" alt=\"ECR_cut\" height=\"2444\" width=\"2560\" title=\"ECR_cut\" \/>\n\t\t\t\t<\/a>\n\t<h2>Dra. Elena Ceballos<\/h2>\n<strong>Profesora Permanente Laboral &amp; Investigadora Visitante<\/strong><br \/>\n<a href=\"http:\/\/www.departamento.us.es\/dfisap2\/\">Universidad de Sevilla<\/a>\u00a0&amp; <a href=\"https:\/\/www.whoi.edu\/what-we-do\/understand\/departments-centers-labs\/mcg\/\">Qu\u00edmica Marina &amp; Geoqu\u00edmica<\/a>\n<strong>Informaci\u00f3n de contacto:<\/strong><br \/>\neceballos1@us.es &amp; eceballos@whoi.edu\n<strong>Direcci\u00f3n postal:<\/strong><br \/>\nAv. Reina Mercedes 4A<br \/>\nDepartamento de F\u00edsica Aplicada II<br \/>\nE.T.S. de Ingener\u00eda de la Edificaci\u00f3n<br \/>\n41012, Sevilla, Espa\u00f1a\n\t<h3>Investigaci\u00f3n<\/h3>\n<p>El prop\u00f3sito de mi investigaci\u00f3n es contribuir a cuantificar mejor el papel del oc\u00e9ano en el ciclo global del carbono. Mi objetivo es aumentar la precisi\u00f3n de las evaluaciones del exporte de carbono en los oc\u00e9anos a trav\u00e9s de la Bomba de Carbono Biol\u00f3gico (BCP) y de la parametrizaci\u00f3n de los procesos clave que lo controlan. Para ello utilizo c\u00e1maras subacu\u00e1ticas de alta resoluci\u00f3n, tipo UVP (Underwater Vision Profiler), para la obtenci\u00f3n de im\u00e1genes de part\u00edculas, acopladas a una novedosa plataforma aut\u00f3noma que act\u00faa como trampa de sedimentos. Utilizo estos datos experimentales como par\u00e1metros de entrada en una simulaci\u00f3n estoc\u00e1stica de din\u00e1mica de part\u00edculas en el oc\u00e9ano.<\/p>\n<p>En concreto, mi investigaci\u00f3n en este tema se centra en:<\/p>\n<ul>\n<li>acoplar la comprensi\u00f3n de los procesos biol\u00f3gicos obtenidos de las im\u00e1genes de la c\u00e1mara con algoritmos para estimar con precisi\u00f3n los flujos de carbono, y<\/li>\n<li>desarrollar parametrizaciones globales mejoradas de la eficiencia del BCP y la atenuaci\u00f3n del flujo de carbono en los oc\u00e9anos.<\/li>\n<\/ul>\n<p>Identifico estos objetivos como \u00e1reas clave para describir el papel presente y futuro del BCP en los modelos clim\u00e1ticos globales.<\/p>\n\t<h3>Premios y becas<\/h3>\n<ul>\n<li>\n<ul>\n<li><strong>Premio<\/strong> <a href=\"https:\/\/www.lavozdelsur.es\/cultura\/comunicacion\/entrega-los-i-premios-voces-del-sur-broche-decimo-cumpleanos-lavozdelsur-es_324287_102.html\">&#8220;Voces del Sur<\/a><a href=\"https:\/\/m.facebook.com\/story.php?story_fbid=pfbid0N7pKWByAKqeHpySpbf519s3mZ5MAKGaDfEYVFwWcpER9P5dQ1S3U9uVziAWiix5Rl&amp;id=159217384142964&amp;m_entstream_source=timeline&amp;__tn__=%2As%2As-R\">&#8220;<\/a> de <a href=\"https:\/\/www.lavozdelsur.es\/\">lavozdelsur.es<\/a>. Edici\u00f3n I, novimebre del 2024.<\/li>\n<li><b>Premio <\/b>Premio <a href=\"https:\/\/www.investigacion.us.es\/noticias\/lola-pons-y-elena-ceballos-obtienen-el-premio-universidad-de-sevilla-la-divulgacion-cientifica\">Universidad de Sevilla a la Divulgaci\u00f3n Cient\u00edfica<\/a>\u00a0 de la Universidad de Sevilla. Edici\u00f3n 2024, octubre del 2024.<\/li>\n<li><b>Premio <\/b><a href=\"https:\/\/www.us.es\/actualidad-de-la-us\/felipe-gonzalez-recibe-el-iv-premio-alumni-de-honor-de-la-universidad-de\">&#8220;Impacto Social&#8221;<\/a> de <a href=\"https:\/\/alumni.us.es\/\">Alumni de la Universidad de\u00a0 Sevilla<\/a> and la <a href=\"https:\/\/lacaixafoundation.org\/en\/\">Fundaci\u00f3n &#8220;la Caixa&#8221;<\/a>. Edici\u00f3n IV, junio del 2024.<\/li>\n<li><b>Premio <\/b><a href=\"https:\/\/www.ateneosdeandalucia.org\/iii-premio-federacion-ateneos-para-jovenes-investigadores-andaluces\/\">&#8220;Ezequiel Mart\u00ednez&#8221;<\/a> a j\u00f3venes investigadores en cambio clim\u00e1tico de la Federaci\u00f3n de Ateneos de Andaluc\u00eda. Edici\u00f3n III, junio del 2024.<\/li>\n<li><strong>Premio<\/strong> <a href=\"https:\/\/www.eldiario.es\/andalucia\/blog\/gente-de-andalucia\/eldiario-andalucia-celebra-decimo-aniversario-gala-entrega-premios-gente-10_132_10589524.html\">&#8220;Gente de Andaluc\u00eda, gente 10<\/a><a href=\"https:\/\/m.facebook.com\/story.php?story_fbid=pfbid0N7pKWByAKqeHpySpbf519s3mZ5MAKGaDfEYVFwWcpER9P5dQ1S3U9uVziAWiix5Rl&amp;id=159217384142964&amp;m_entstream_source=timeline&amp;__tn__=%2As%2As-R\">&#8220;<\/a> de <a href=\"https:\/\/www.eldiario.es\/andalucia\/\">elDiario.es Andaluc\u00eda<\/a>. Edici\u00f3n I, octubre del 2023.<\/li>\n<li><strong>Premio<\/strong> <a href=\"https:\/\/m.facebook.com\/story.php?story_fbid=pfbid0N7pKWByAKqeHpySpbf519s3mZ5MAKGaDfEYVFwWcpER9P5dQ1S3U9uVziAWiix5Rl&amp;id=159217384142964&amp;m_entstream_source=timeline&amp;__tn__=%2As%2As-R\">&#8220;Naturalmente rural: Mujer y Ciencia&#8221;<\/a> del Parque Natural Sierra Norte de Sevilla. Edici\u00f3n I, marzo del 2022.<\/li>\n<\/ul>\n<ul>\n<li><strong>Premio a labor docente e investigadora<\/strong> de la Universidad <a href=\"https:\/\/www.uspceu.com\/\">CEU San Pablo<\/a> (Madrid), curso 2020-2021, marzo del 2022.<\/li>\n<\/ul>\n<\/li>\n<\/ul>\n<ul>\n<li>\n<ul>\n<li><b>Profesora Permanente Laboral<\/b>.\u00a0 <a href=\"http:\/\/www.departamento.us.es\/dfisap2\/\">Departmento de F\u00edsica Aplicada II, (Universidad de Sevilla)<\/a>. Fecha de comienzo: septiembre del 2025.<\/li>\n<li><strong>Contrato <\/strong><a href=\"https:\/\/ec.europa.eu\/research\/mariecurieactions\/actions\/postdoctoral-fellowships\">Marie Sklodowska Curie Actions Postdoctoral Individual Global Fellowship<\/a>. Departmento de <a href=\"https:\/\/www.whoi.edu\/what-we-do\/understand\/departments-centers-labs\/mcg\/\">Marine Chemistry &amp; Geochemistry (WHOI)<\/a> y Departmento de <a href=\"http:\/\/www.departamento.us.es\/dfisap2\/\">F\u00edsica Aplicada II, (Universidad de Sevilla)<\/a>. Fecha de comienzo: septiembre del 2022. Duraci\u00f3n: 3 a\u00f1os.<\/li>\n<li><strong>Contrato<\/strong> <a href=\"https:\/\/www.whoi.edu\/what-we-do\/educate\/postdoctoral\/postdocs-scholar-fellowship-appointments\/apo-postdoctoral-scholar\/\">&#8220;Postdoctoral award at the Woods Hole Oceanographic Institution<\/a>. Ocean Twilight Zone Postdoctoral Scholar. Departamento de Qu\u00edmica Marina y Geoqu\u00edmica (WHOI). Fecha de comienzo: junio 2021. Duraci\u00f3n: 18 meses.<\/li>\n<\/ul>\n<\/li>\n<\/ul>\n<ul>\n\n<\/ul>\n\t\t\t<a href=\"https:\/\/drive.google.com\/file\/d\/1Ao646waidYQbFvTvFZR6be4qdyK4pCVx\/view?usp=sharing\" target=\"_blank\" role=\"button\" rel=\"noopener nofollow\">\n\t\t\t\t\t\tDescargar CV\n\t\t\t\t\t<\/a>\n\t<h3>Educaci\u00f3n<\/h3>\n<p>Doctorado: F\u00edsica Nuclear Aplicada. 2019. <a href=\"https:\/\/www.us.es\/\">Universidad de Sevilla<\/a>, Spain.<\/p>\n<p>M\u00e1ster: Detectores nucleares. 2012. <a href=\"https:\/\/www.uni-muenster.de\/en\/\">Universidad de M\u00fcnster<\/a>, Alemania.<\/p>\n<p>Licenciatura: F\u00edsica. 2011. <a href=\"https:\/\/www.us.es\/\">Universidad de Sevilla<\/a>, Spain.<\/p>\n\t<h3>Biograf\u00eda<\/h3>\n<p>Comprometida y entusiasta. Amante de la m\u00fasica. Viajera. De Espa\u00f1a.<\/p>\n<p>Participo activamente en proyectos para involucrar a las ni\u00f1as en STEM visualizando referentes pasados y creando nuevos para ellas.<\/p>\n\t<h3>DIVULGACI\u00d3N<\/h3>\n<p>Actividades de <a href=\"https:\/\/www2.whoi.edu\/staff\/mceballosromero\/actividades-de-divulgacion-en-espanol\/\">divulgaci\u00f3n en espa\u00f1ol<\/a>.<\/p>\n\t<h3>Publicaciones<\/h3>\n<p>Listado de <a href=\"https:\/\/www2.whoi.edu\/staff\/mceballosromero\/publicaciones\/\">publicaciones cient\u00edficas<\/a><\/p>\n\t<h3>Proyectos<\/h3>\n<p>Listado de <a href=\"https:\/\/www2.whoi.edu\/staff\/mceballosromero\/proyectos\/\">proyectos de investigaci\u00f3n<\/a>.<\/p>\n\t<h3>Campa\u00f1as oceanogr\u00e1ficas<\/h3>\n<p>Listado de <a href=\"https:\/\/www2.whoi.edu\/staff\/mceballosromero\/fieldwork\/campanas\/\">campa\u00f1as oceanogr\u00e1ficas<\/a>.<\/p>\n\t<h3>Docencia<\/h3>\n<p>Detalles de <a href=\"https:\/\/www2.whoi.edu\/staff\/mceballosromero\/experiencia_docente\/\">experiencia docente<\/a>.<\/p>\n\t<h3>S\u00edgueme en redes sociales<\/h3>\n\t\t\n\t\t<a href=\"https:\/\/www.facebook.com\/elenita.contador\/\" target=\"_blank\" title=\"Facebook\" aria-label=\"Facebook\" role=\"button\" rel=\"noopener noreferrer external nofollow\">\n\t\t\t\t\t<\/a>\n\t\t\n\t\t<a href=\"https:\/\/twitter.com\/elena_imos\" target=\"_blank\" title=\"Twitter\" aria-label=\"Twitter\" role=\"button\" rel=\"noopener noreferrer external nofollow\">\n\t\t\t\t\t<\/a>\n\t\t\n\t\t<a href=\"https:\/\/www.instagram.com\/elena_imos\/\" target=\"_blank\" title=\"Instagram\" aria-label=\"Instagram\" role=\"button\" rel=\"noopener noreferrer external nofollow\">\n\t\t\t\t\t<\/a>\n\t\t\n\t\t<a href=\"https:\/\/www.linkedin.com\/in\/elena-ceballos-romero-6895945b\/\" target=\"_blank\" title=\"LinkedIn\" aria-label=\"LinkedIn\" role=\"button\" rel=\"noopener noreferrer external nofollow\">\n\t\t\t\t\t<\/a>\n\t\t\n\t\t<a href=\"https:\/\/scholar.google.co.uk\/citations?user=q1BIm3oAAAAJ&amp;hl=en\" target=\"_self\" title=\"Google Scholar\" aria-label=\"Google Scholar\" role=\"button\" rel=\"noopener\">\n\t\t\t\t\t<\/a>\n\t\t\n\t\t<a href=\"https:\/\/www.researchgate.net\/profile\/Elena-Ceballos-Romero\" target=\"_self\" title=\"\" aria-label=\"\" role=\"button\" rel=\"noopener\">\n\t\t\t\t\t<\/a>\n\n","protected":false},"excerpt":{"rendered":"<p>Dra. Elena Ceballos Profesora Permanente Laboral &amp; Investigadora Visitante Universidad de Sevilla\u00a0&amp; Qu\u00edmica Marina &amp; Geoqu\u00edmica Informaci\u00f3n de contacto: eceballos1@us.es &amp; eceballos@whoi.edu Direcci\u00f3n postal: Av. Reina Mercedes 4A Departamento de F\u00edsica Aplicada II E.T.S. de Ingener\u00eda de la Edificaci\u00f3n 41012, Sevilla, Espa\u00f1a Investigaci\u00f3n El prop\u00f3sito de mi investigaci\u00f3n es contribuir a cuantificar mejor el papel&hellip;<\/p>\n","protected":false},"author":267,"featured_media":0,"parent":0,"menu_order":0,"comment_status":"closed","ping_status":"closed","template":"","meta":[],"_links":{"self":[{"href":"https:\/\/www2.whoi.edu\/staff\/mceballosromero\/wp-json\/wp\/v2\/pages\/178"}],"collection":[{"href":"https:\/\/www2.whoi.edu\/staff\/mceballosromero\/wp-json\/wp\/v2\/pages"}],"about":[{"href":"https:\/\/www2.whoi.edu\/staff\/mceballosromero\/wp-json\/wp\/v2\/types\/page"}],"author":[{"embeddable":true,"href":"https:\/\/www2.whoi.edu\/staff\/mceballosromero\/wp-json\/wp\/v2\/users\/267"}],"replies":[{"embeddable":true,"href":"https:\/\/www2.whoi.edu\/staff\/mceballosromero\/wp-json\/wp\/v2\/comments?post=178"}],"version-history":[{"count":4,"href":"https:\/\/www2.whoi.edu\/staff\/mceballosromero\/wp-json\/wp\/v2\/pages\/178\/revisions"}],"predecessor-version":[{"id":762,"href":"https:\/\/www2.whoi.edu\/staff\/mceballosromero\/wp-json\/wp\/v2\/pages\/178\/revisions\/762"}],"wp:attachment":[{"href":"https:\/\/www2.whoi.edu\/staff\/mceballosromero\/wp-json\/wp\/v2\/media?parent=178"}],"curies":[{"name":"wp","href":"https:\/\/api.w.org\/{rel}","templated":true}]}}